{"id":79,"date":"2024-03-11T21:10:48","date_gmt":"2024-03-11T19:10:48","guid":{"rendered":"https:\/\/nanory.fi\/?page_id=79"},"modified":"2024-06-10T10:37:42","modified_gmt":"2024-06-10T07:37:42","slug":"privacy-policy","status":"publish","type":"page","link":"https:\/\/nanory.fi\/fi\/privacy-policy\/","title":{"rendered":"Tietosuojak\u00e4yt\u00e4nt\u00f6"},"content":{"rendered":"<p><strong>Rekisteri- ja tietosuojaseloste<\/strong><\/p>\n\n\n\n<p>T\u00e4m\u00e4 on Nano ry laatima EU:n yleisen tietosuoja-asetuksen (GDPR) mukainen rekisteri- ja tietosuojaseloste. Laadittu 24.02.2024.<\/p>\n\n\n\n<h2 class=\"wp-block-heading\"><strong>1. Rekisterinpit\u00e4j\u00e4<\/strong><\/h2>\n\n\n\n<p>Nano ry<\/p>\n\n\n\n<p>Survontie 9<\/p>\n\n\n\n<p>PL35<\/p>\n\n\n\n<p>40014, Jyv\u00e4skyl\u00e4<\/p>\n\n\n\n<p>nanory-hallitus(at)maillists.jyu.fi<\/p>\n\n\n\n<h2 class=\"wp-block-heading\"><strong>2. Rekisterist\u00e4 vastaava yhteyshenkil\u00f6<\/strong><\/h2>\n\n\n\n<p>Yhdistyksen taloudenhoitaja<\/p>\n\n\n\n<h2 class=\"wp-block-heading\"><strong>3. Rekisterin nimi<\/strong><\/h2>\n\n\n\n<p>Yhdistyksen j\u00e4senrekisteri<\/p>\n\n\n\n<h2 class=\"wp-block-heading\"><strong>4. Oikeusperuste ja henkil\u00f6tietojen k\u00e4sittelyn tarkoitus<\/strong><\/h2>\n\n\n\n<p>EU:n yleisen tietosuoja-asetuksen mukainen oikeusperusta henkil\u00f6tietojen k\u00e4sittelylle on yhdistyksen j\u00e4senyys. Henkil\u00f6tietojen k\u00e4sittelyn tarkoitus on j\u00e4senrekisterin yll\u00e4pito ja yhdistyksen viralliselle s\u00e4hk\u00f6postilistalle lis\u00e4\u00e4minen. Tietoja ei k\u00e4ytet\u00e4 automatisoituun p\u00e4\u00e4t\u00f6ksentekoon tai profilointiin.<\/p>\n\n\n\n<h2 class=\"wp-block-heading\"><strong>5. Rekisterin tietosis\u00e4lt\u00f6<\/strong><\/h2>\n\n\n\n<p>Rekisteriin tallennettavia tietoja ovat: henkil\u00f6n t\u00e4ydellinen nimi, ja kotipaikkakunta. Tiedot s\u00e4ilytet\u00e4\u00e4n j\u00e4senyyden ajan.<\/p>\n\n\n\n<h2 class=\"wp-block-heading\"><strong>6. S\u00e4\u00e4nn\u00f6nmukaiset tietol\u00e4hteet<\/strong><\/h2>\n\n\n\n<p>Rekisteriin tallennettavat tiedot saadaan j\u00e4senelt\u00e4 s\u00e4hk\u00f6isell\u00e4 lomakkeella h\u00e4nen liittyess\u00e4\u00e4n j\u00e4seneksi.<\/p>\n\n\n\n<h2 class=\"wp-block-heading\"><strong>7. Tietojen luovutukset ja tietojen siirto EU:n tai ETA:n ulkopuolelle<\/strong><\/h2>\n\n\n\n<p>Tietoja ei luovuteta yhdistyksen ulkopuolisille tahoille.<\/p>\n\n\n\n<h2 class=\"wp-block-heading\"><strong>8. Rekisterin suojauksen periaatteet<\/strong><\/h2>\n\n\n\n<p>Rekisterin k\u00e4sittelyss\u00e4 noudatetaan huolellisuutta ja tietoj\u00e4rjestelmien avulla k\u00e4sitelt\u00e4v\u00e4t tiedot suojataan asianmukaisesti. Rekisteritietoja s\u00e4ilytet\u00e4\u00e4n yhdistyksen tunnuksen takana Google Drive -palvelussa, jonka digitaalisesta tietoturvasta huolehditaan asiaankuuluvasti. Rekisterinpit\u00e4j\u00e4 huolehtii siit\u00e4, ett\u00e4 tallennettuja tietoja sek\u00e4 palvelun k\u00e4ytt\u00f6oikeuksia ja muita henkil\u00f6tietojen turvallisuuden kannalta kriittisi\u00e4 tietoja k\u00e4sitell\u00e4\u00e4n luottamuksellisesti ja vain niiden vastuuhenkil\u00f6iden toimesta, joiden vastuualueeseen se kuuluu.<\/p>\n\n\n\n<h2 class=\"wp-block-heading\"><strong>9. Tarkastusoikeus ja oikeus vaatia tiedon korjaamista<\/strong><\/h2>\n\n\n\n<p>Jokaisella rekisteriss\u00e4 olevalla henkil\u00f6ll\u00e4 on oikeus tarkistaa rekisteriin tallennetut tietonsa ja vaatia mahdollisen virheellisen tiedon korjaamista tai puutteellisen tiedon t\u00e4ydent\u00e4mist\u00e4. Mik\u00e4li henkil\u00f6 haluaa tarkistaa h\u00e4nest\u00e4 tallennetut tiedot tai vaatia niihin oikaisua, pyynt\u00f6 tulee l\u00e4hett\u00e4\u00e4 s\u00e4hk\u00f6postitse rekisterinpit\u00e4j\u00e4lle. Rekisterinpit\u00e4j\u00e4 voi pyyt\u00e4\u00e4 tarvittaessa pyynn\u00f6n esitt\u00e4j\u00e4\u00e4 todistamaan henkil\u00f6llisyytens\u00e4. Rekisterinpit\u00e4j\u00e4 vastaa asiakkaalle EU:n tietosuoja-asetuksessa s\u00e4\u00e4detyss\u00e4 ajassa (p\u00e4\u00e4s\u00e4\u00e4nt\u00f6isesti kuukauden kuluessa).<\/p>\n\n\n\n<h2 class=\"wp-block-heading\"><strong>10. Muut henkil\u00f6tietojen k\u00e4sittelyyn liittyv\u00e4t oikeudet<\/strong><\/h2>\n\n\n\n<p>Rekisteriss\u00e4 olevalla henkil\u00f6ll\u00e4 on oikeus pyyt\u00e4\u00e4 h\u00e4nt\u00e4 koskevien henkil\u00f6tietojen poistamiseen rekisterist\u00e4 (&#8220;oikeus tulla unohdetuksi&#8221;). Niin ik\u00e4\u00e4n rekister\u00f6idyill\u00e4 on muut EU:n yleisen tietosuoja-asetuksen mukaiset oikeudet kuten henkil\u00f6tietojen k\u00e4sittelyn rajoittaminen tietyiss\u00e4 tilanteissa. Pyynn\u00f6t tulee l\u00e4hett\u00e4\u00e4 s\u00e4hk\u00f6postitse rekisterinpit\u00e4j\u00e4lle. Rekisterinpit\u00e4j\u00e4 voi pyyt\u00e4\u00e4 tarvittaessa pyynn\u00f6n esitt\u00e4j\u00e4\u00e4 todistamaan henkil\u00f6llisyytens\u00e4. Rekisterinpit\u00e4j\u00e4 vastaa asiakkaalle EU:n tietosuoja-asetuksessa s\u00e4\u00e4detyss\u00e4 ajassa (p\u00e4\u00e4s\u00e4\u00e4nt\u00f6isesti kuukauden kuluessa).<\/p>\n\n\n\n<p>English translation (in case of conflicts between the translations, refer to the Finnish one):<\/p>\n\n\n\n<p><strong>Register and data protection description<\/strong><\/p>\n\n\n\n<p>This is the register and data protection description of Nano ry, which has been made according to the EU\u2019s General Data Protection Regulation (GDPR). Made on 24.02.2024.<\/p>\n\n\n\n<h2 class=\"wp-block-heading\"><strong>1. Register owner<\/strong><\/h2>\n\n\n\n<p>Nano ry<\/p>\n\n\n\n<p>Survontie 9<\/p>\n\n\n\n<p>PL35<\/p>\n\n\n\n<p>40014, Jyv\u00e4skyl\u00e4<\/p>\n\n\n\n<p>nanory-hallitus(at)maillists.jyu.fi<\/p>\n\n\n\n<h2 class=\"wp-block-heading\"><strong>2. Person in charge of the register<\/strong><\/h2>\n\n\n\n<p>The treasurer of the association.<\/p>\n\n\n\n<h2 class=\"wp-block-heading\"><strong>3. Name of the register<\/strong><\/h2>\n\n\n\n<p>Member register of the association<\/p>\n\n\n\n<h2 class=\"wp-block-heading\"><strong>4. Legal bases and the purpose of handling of personal information<\/strong><\/h2>\n\n\n\n<p>The association has a legal right to handle personal information according to the General Data Protection Regulation of the EU (GDPR). The purpose of handling personal information is to maintain a membership register and add members to the association\u2019s official email list. This information is not used for automatic decision-making or profiling.<\/p>\n\n\n\n<h2 class=\"wp-block-heading\"><strong>5. Data content of the register<\/strong><\/h2>\n\n\n\n<p>Information saved in the register is: Complete full name, date of accession, and the city of residence of the member. The information will be retained for the duration of the membership.<\/p>\n\n\n\n<h2 class=\"wp-block-heading\"><strong>6. Source of information according to GDPR<\/strong><\/h2>\n\n\n\n<p>The information retained in the register is provided by the member by filling an electronic form during their accession.<\/p>\n\n\n\n<h2 class=\"wp-block-heading\"><strong>7. Releasing the information outside of EU- or ETA-countries according to GDPR<\/strong><\/h2>\n\n\n\n<p>The information is not released outside of the association.<\/p>\n\n\n\n<h2 class=\"wp-block-heading\"><strong>8. Principles of protecting the register<\/strong><\/h2>\n\n\n\n<p>The register is handled with care and diligence and the information processed through information systems will be protected accordingly. Register data will be retained on a Google Drive account of the association, with due consideration for digital data security. The owner of the register is responsible for making sure that the retained information and the access rights to the servers and other information relevant to the safety of personal information are handled confidentially and only by the authorized personnel of the owner of the register.<\/p>\n\n\n\n<h2 class=\"wp-block-heading\"><strong>9. The right to revise and demand correction of personal data<\/strong><\/h2>\n\n\n\n<p>Every member listed in the register has the right to review their information retained in the register and request the correction of any erroneous information or completion of any incomplete data. If a person wishes to review the information stored about them or request corrections, they shall send a request to the register owner via email. The register owner may, if necessary, ask the requester to verify their identity. The register owner will respond to the individual within the timeframe stipulated by the EU General Data Protection Regulation (typically within one month).<\/p>\n\n\n\n<h2 class=\"wp-block-heading\"><strong>10. Other rights concerning the handling of personal data<\/strong><\/h2>\n\n\n\n<p>Individuals listed in the register have the right to request the removal of their personal data from the register, often referred to as &#8216;the right to be forgotten.&#8217; Similarly, data subjects have other rights in accordance with the EU General Data Protection Regulation, such as the right to restrict the processing of personal data in certain situations. Requests should be submitted via email to the register owner. If necessary, the register owner may ask the requester to verify their identity. The register owner will respond to the individual within the timeframe stipulated by the EU General Data Protection Regulation (typically within one month).<\/p>","protected":false},"excerpt":{"rendered":"<p>Rekisteri- ja tietosuojaseloste T\u00e4m\u00e4 on Nano ry laatima EU:n yleisen tietosuoja-asetuksen (GDPR) mukainen rekisteri- ja tietosuojaseloste. Laadittu 24.02.2024. 1. Rekisterinpit\u00e4j\u00e4 Nano ry Survontie 9 PL35 40014, Jyv\u00e4skyl\u00e4 nanory-hallitus(at)maillists.jyu.fi 2. Rekisterist\u00e4 [&hellip;]<\/p>\n","protected":false},"author":1,"featured_media":0,"parent":0,"menu_order":0,"comment_status":"closed","ping_status":"closed","template":"","meta":{"site-sidebar-layout":"default","site-content-layout":"","ast-site-content-layout":"default","site-content-style":"default","site-sidebar-style":"default","ast-global-header-display":"","ast-banner-title-visibility":"","ast-main-header-display":"","ast-hfb-above-header-display":"","ast-hfb-below-header-display":"","ast-hfb-mobile-header-display":"","site-post-title":"","ast-breadcrumbs-content":"","ast-featured-img":"","footer-sml-layout":"","ast-disable-related-posts":"","theme-transparent-header-meta":"","adv-header-id-meta":"","stick-header-meta":"","header-above-stick-meta":"","header-main-stick-meta":"","header-below-stick-meta":"","astra-migrate-meta-layouts":"default","ast-page-background-enabled":"default","ast-page-background-meta":{"desktop":{"background-color":"var(--ast-global-color-4)","background-image":"","background-repeat":"repeat","background-position":"center center","background-size":"auto","background-attachment":"scroll","background-type":"","background-media":"","overlay-type":"","overlay-color":"","overlay-opacity":"","overlay-gradient":""},"tablet":{"background-color":"","background-image":"","background-repeat":"repeat","background-position":"center center","background-size":"auto","background-attachment":"scroll","background-type":"","background-media":"","overlay-type":"","overlay-color":"","overlay-opacity":"","overlay-gradient":""},"mobile":{"background-color":"","background-image":"","background-repeat":"repeat","background-position":"center center","background-size":"auto","background-attachment":"scroll","background-type":"","background-media":"","overlay-type":"","overlay-color":"","overlay-opacity":"","overlay-gradient":""}},"ast-content-background-meta":{"desktop":{"background-color":"var(--ast-global-color-5)","background-image":"","background-repeat":"repeat","background-position":"center center","background-size":"auto","background-attachment":"scroll","background-type":"","background-media":"","overlay-type":"","overlay-color":"","overlay-opacity":"","overlay-gradient":""},"tablet":{"background-color":"var(--ast-global-color-5)","background-image":"","background-repeat":"repeat","background-position":"center center","background-size":"auto","background-attachment":"scroll","background-type":"","background-media":"","overlay-type":"","overlay-color":"","overlay-opacity":"","overlay-gradient":""},"mobile":{"background-color":"var(--ast-global-color-5)","background-image":"","background-repeat":"repeat","background-position":"center center","background-size":"auto","background-attachment":"scroll","background-type":"","background-media":"","overlay-type":"","overlay-color":"","overlay-opacity":"","overlay-gradient":""}},"_EventAllDay":false,"_EventTimezone":"","_EventStartDate":"","_EventEndDate":"","_EventStartDateUTC":"","_EventEndDateUTC":"","_EventShowMap":false,"_EventShowMapLink":false,"_EventURL":"","_EventCost":"","_EventCostDescription":"","_EventCurrencySymbol":"","_EventCurrencyCode":"","_EventCurrencyPosition":"","_EventDateTimeSeparator":"","_EventTimeRangeSeparator":"","_EventOrganizerID":[],"_EventVenueID":[],"_OrganizerEmail":"","_OrganizerPhone":"","_OrganizerWebsite":"","_VenueAddress":"","_VenueCity":"","_VenueCountry":"","_VenueProvince":"","_VenueState":"","_VenueZip":"","_VenuePhone":"","_VenueURL":"","_VenueStateProvince":"","_VenueLat":"","_VenueLng":"","_VenueShowMap":false,"_VenueShowMapLink":false,"footnotes":""},"class_list":["post-79","page","type-page","status-publish","hentry"],"yoast_head":"<!-- This site is optimized with the Yoast SEO plugin v27.6 - https:\/\/yoast.com\/product\/yoast-seo-wordpress\/ -->\n<title>Privacy policy - Nano ry<\/title>\n<meta name=\"description\" content=\"Privacy policy -\" \/>\n<meta name=\"robots\" content=\"index, follow, max-snippet:-1, max-image-preview:large, max-video-preview:-1\" \/>\n<link rel=\"canonical\" href=\"https:\/\/nanory.fi\/fi\/privacy-policy\/\" \/>\n<meta property=\"og:locale\" content=\"fi_FI\" \/>\n<meta property=\"og:type\" content=\"article\" \/>\n<meta property=\"og:title\" content=\"Privacy policy - Nano ry\" \/>\n<meta property=\"og:description\" content=\"Privacy policy -\" \/>\n<meta property=\"og:url\" content=\"https:\/\/nanory.fi\/fi\/privacy-policy\/\" \/>\n<meta property=\"og:site_name\" content=\"Nano ry\" \/>\n<meta property=\"article:modified_time\" content=\"2024-06-10T07:37:42+00:00\" \/>\n<meta property=\"og:image\" content=\"https:\/\/nanory.fi\/wp-content\/uploads\/2024\/07\/purple_text_and_logo_variation_1.png\" \/>\n\t<meta property=\"og:image:width\" content=\"1912\" \/>\n\t<meta property=\"og:image:height\" content=\"1838\" \/>\n\t<meta property=\"og:image:type\" content=\"image\/png\" \/>\n<meta name=\"twitter:card\" content=\"summary_large_image\" \/>\n<meta name=\"twitter:label1\" content=\"Arvioitu lukuaika\" \/>\n\t<meta name=\"twitter:data1\" content=\"4 minuuttia\" \/>\n<script type=\"application\/ld+json\" class=\"yoast-schema-graph\">{\"@context\":\"https:\\\/\\\/schema.org\",\"@graph\":[{\"@type\":\"WebPage\",\"@id\":\"https:\\\/\\\/nanory.fi\\\/privacy-policy\\\/\",\"url\":\"https:\\\/\\\/nanory.fi\\\/privacy-policy\\\/\",\"name\":\"Privacy policy - Nano ry\",\"isPartOf\":{\"@id\":\"https:\\\/\\\/nanory.fi\\\/#website\"},\"datePublished\":\"2024-03-11T19:10:48+00:00\",\"dateModified\":\"2024-06-10T07:37:42+00:00\",\"description\":\"Privacy policy -\",\"breadcrumb\":{\"@id\":\"https:\\\/\\\/nanory.fi\\\/privacy-policy\\\/#breadcrumb\"},\"inLanguage\":\"fi\",\"potentialAction\":[{\"@type\":\"ReadAction\",\"target\":[\"https:\\\/\\\/nanory.fi\\\/privacy-policy\\\/\"]}]},{\"@type\":\"BreadcrumbList\",\"@id\":\"https:\\\/\\\/nanory.fi\\\/privacy-policy\\\/#breadcrumb\",\"itemListElement\":[{\"@type\":\"ListItem\",\"position\":1,\"name\":\"Home\",\"item\":\"https:\\\/\\\/nanory.fi\\\/\"},{\"@type\":\"ListItem\",\"position\":2,\"name\":\"Privacy policy\"}]},{\"@type\":\"WebSite\",\"@id\":\"https:\\\/\\\/nanory.fi\\\/#website\",\"url\":\"https:\\\/\\\/nanory.fi\\\/\",\"name\":\"Nano ry\",\"description\":\"Nanoscience student association at JYU. Nanotieteen ainej\u00e4rjest\u00f6 Jyv\u00e4skyl\u00e4n Yliopistossa.\",\"publisher\":{\"@id\":\"https:\\\/\\\/nanory.fi\\\/#organization\"},\"alternateName\":\"Nano\",\"potentialAction\":[{\"@type\":\"SearchAction\",\"target\":{\"@type\":\"EntryPoint\",\"urlTemplate\":\"https:\\\/\\\/nanory.fi\\\/?s={search_term_string}\"},\"query-input\":{\"@type\":\"PropertyValueSpecification\",\"valueRequired\":true,\"valueName\":\"search_term_string\"}}],\"inLanguage\":\"fi\"},{\"@type\":\"Organization\",\"@id\":\"https:\\\/\\\/nanory.fi\\\/#organization\",\"name\":\"Nano ry\",\"alternateName\":\"Nano\",\"url\":\"https:\\\/\\\/nanory.fi\\\/\",\"logo\":{\"@type\":\"ImageObject\",\"inLanguage\":\"fi\",\"@id\":\"https:\\\/\\\/nanory.fi\\\/#\\\/schema\\\/logo\\\/image\\\/\",\"url\":\"https:\\\/\\\/nanory.fi\\\/wp-content\\\/uploads\\\/2024\\\/07\\\/cropped-cropped-purple_text_and_logo_variation_1-1.png\",\"contentUrl\":\"https:\\\/\\\/nanory.fi\\\/wp-content\\\/uploads\\\/2024\\\/07\\\/cropped-cropped-purple_text_and_logo_variation_1-1.png\",\"width\":1909,\"height\":1834,\"caption\":\"Nano ry\"},\"image\":{\"@id\":\"https:\\\/\\\/nanory.fi\\\/#\\\/schema\\\/logo\\\/image\\\/\"},\"sameAs\":[\"https:\\\/\\\/www.instagram.com\\\/nano.jkl\\\/\"]}]}<\/script>\n<!-- \/ Yoast SEO plugin. -->","yoast_head_json":{"title":"Privacy policy - Nano ry","description":"Privacy policy -","robots":{"index":"index","follow":"follow","max-snippet":"max-snippet:-1","max-image-preview":"max-image-preview:large","max-video-preview":"max-video-preview:-1"},"canonical":"https:\/\/nanory.fi\/fi\/privacy-policy\/","og_locale":"fi_FI","og_type":"article","og_title":"Privacy policy - Nano ry","og_description":"Privacy policy -","og_url":"https:\/\/nanory.fi\/fi\/privacy-policy\/","og_site_name":"Nano ry","article_modified_time":"2024-06-10T07:37:42+00:00","og_image":[{"width":1912,"height":1838,"url":"https:\/\/nanory.fi\/wp-content\/uploads\/2024\/07\/purple_text_and_logo_variation_1.png","type":"image\/png"}],"twitter_card":"summary_large_image","twitter_misc":{"Arvioitu lukuaika":"4 minuuttia"},"schema":{"@context":"https:\/\/schema.org","@graph":[{"@type":"WebPage","@id":"https:\/\/nanory.fi\/privacy-policy\/","url":"https:\/\/nanory.fi\/privacy-policy\/","name":"Privacy policy - Nano ry","isPartOf":{"@id":"https:\/\/nanory.fi\/#website"},"datePublished":"2024-03-11T19:10:48+00:00","dateModified":"2024-06-10T07:37:42+00:00","description":"Privacy policy -","breadcrumb":{"@id":"https:\/\/nanory.fi\/privacy-policy\/#breadcrumb"},"inLanguage":"fi","potentialAction":[{"@type":"ReadAction","target":["https:\/\/nanory.fi\/privacy-policy\/"]}]},{"@type":"BreadcrumbList","@id":"https:\/\/nanory.fi\/privacy-policy\/#breadcrumb","itemListElement":[{"@type":"ListItem","position":1,"name":"Home","item":"https:\/\/nanory.fi\/"},{"@type":"ListItem","position":2,"name":"Privacy policy"}]},{"@type":"WebSite","@id":"https:\/\/nanory.fi\/#website","url":"https:\/\/nanory.fi\/","name":"Nano ry","description":"Nanoscience student association at JYU. Nanotieteen ainej\u00e4rjest\u00f6 Jyv\u00e4skyl\u00e4n Yliopistossa.","publisher":{"@id":"https:\/\/nanory.fi\/#organization"},"alternateName":"Nano","potentialAction":[{"@type":"SearchAction","target":{"@type":"EntryPoint","urlTemplate":"https:\/\/nanory.fi\/?s={search_term_string}"},"query-input":{"@type":"PropertyValueSpecification","valueRequired":true,"valueName":"search_term_string"}}],"inLanguage":"fi"},{"@type":"Organization","@id":"https:\/\/nanory.fi\/#organization","name":"Nano ry","alternateName":"Nano","url":"https:\/\/nanory.fi\/","logo":{"@type":"ImageObject","inLanguage":"fi","@id":"https:\/\/nanory.fi\/#\/schema\/logo\/image\/","url":"https:\/\/nanory.fi\/wp-content\/uploads\/2024\/07\/cropped-cropped-purple_text_and_logo_variation_1-1.png","contentUrl":"https:\/\/nanory.fi\/wp-content\/uploads\/2024\/07\/cropped-cropped-purple_text_and_logo_variation_1-1.png","width":1909,"height":1834,"caption":"Nano ry"},"image":{"@id":"https:\/\/nanory.fi\/#\/schema\/logo\/image\/"},"sameAs":["https:\/\/www.instagram.com\/nano.jkl\/"]}]}},"_links":{"self":[{"href":"https:\/\/nanory.fi\/fi\/wp-json\/wp\/v2\/pages\/79","targetHints":{"allow":["GET"]}}],"collection":[{"href":"https:\/\/nanory.fi\/fi\/wp-json\/wp\/v2\/pages"}],"about":[{"href":"https:\/\/nanory.fi\/fi\/wp-json\/wp\/v2\/types\/page"}],"author":[{"embeddable":true,"href":"https:\/\/nanory.fi\/fi\/wp-json\/wp\/v2\/users\/1"}],"replies":[{"embeddable":true,"href":"https:\/\/nanory.fi\/fi\/wp-json\/wp\/v2\/comments?post=79"}],"version-history":[{"count":2,"href":"https:\/\/nanory.fi\/fi\/wp-json\/wp\/v2\/pages\/79\/revisions"}],"predecessor-version":[{"id":296,"href":"https:\/\/nanory.fi\/fi\/wp-json\/wp\/v2\/pages\/79\/revisions\/296"}],"wp:attachment":[{"href":"https:\/\/nanory.fi\/fi\/wp-json\/wp\/v2\/media?parent=79"}],"curies":[{"name":"wp","href":"https:\/\/api.w.org\/{rel}","templated":true}]}}