{"id":507,"date":"2024-12-02T14:46:47","date_gmt":"2024-12-02T12:46:47","guid":{"rendered":"https:\/\/nanory.fi\/?page_id=507"},"modified":"2024-12-02T14:49:15","modified_gmt":"2024-12-02T12:49:15","slug":"alumn-activies","status":"publish","type":"page","link":"https:\/\/nanory.fi\/fi\/alumn-activies\/","title":{"rendered":"Alumnitoiminta"},"content":{"rendered":"<p>Voit liitty\u00e4 alumnien s\u00e4hk\u00f6postilistalle l\u00e4hett\u00e4m\u00e4ll\u00e4 s\u00e4hk\u00f6postia osoitteeseen alumni+subscribe@nanory.fi.<\/p>\n\n\n\n<p><\/p>","protected":false},"excerpt":{"rendered":"<p>Voit liitty\u00e4 alumnien s\u00e4hk\u00f6postilistalle l\u00e4hett\u00e4m\u00e4ll\u00e4 s\u00e4hk\u00f6postia osoitteeseen alumni+subscribe@nanory.fi.<\/p>","protected":false},"author":1,"featured_media":0,"parent":0,"menu_order":0,"comment_status":"closed","ping_status":"closed","template":"","meta":{"site-sidebar-layout":"default","site-content-layout":"","ast-site-content-layout":"default","site-content-style":"default","site-sidebar-style":"default","ast-global-header-display":"","ast-banner-title-visibility":"","ast-main-header-display":"","ast-hfb-above-header-display":"","ast-hfb-below-header-display":"","ast-hfb-mobile-header-display":"","site-post-title":"","ast-breadcrumbs-content":"","ast-featured-img":"","footer-sml-layout":"","ast-disable-related-posts":"","theme-transparent-header-meta":"","adv-header-id-meta":"","stick-header-meta":"","header-above-stick-meta":"","header-main-stick-meta":"","header-below-stick-meta":"","astra-migrate-meta-layouts":"default","ast-page-background-enabled":"default","ast-page-background-meta":{"desktop":{"background-color":"var(--ast-global-color-4)","background-image":"","background-repeat":"repeat","background-position":"center center","background-size":"auto","background-attachment":"scroll","background-type":"","background-media":"","overlay-type":"","overlay-color":"","overlay-opacity":"","overlay-gradient":""},"tablet":{"background-color":"","background-image":"","background-repeat":"repeat","background-position":"center center","background-size":"auto","background-attachment":"scroll","background-type":"","background-media":"","overlay-type":"","overlay-color":"","overlay-opacity":"","overlay-gradient":""},"mobile":{"background-color":"","background-image":"","background-repeat":"repeat","background-position":"center center","background-size":"auto","background-attachment":"scroll","background-type":"","background-media":"","overlay-type":"","overlay-color":"","overlay-opacity":"","overlay-gradient":""}},"ast-content-background-meta":{"desktop":{"background-color":"var(--ast-global-color-5)","background-image":"","background-repeat":"repeat","background-position":"center center","background-size":"auto","background-attachment":"scroll","background-type":"","background-media":"","overlay-type":"","overlay-color":"","overlay-opacity":"","overlay-gradient":""},"tablet":{"background-color":"var(--ast-global-color-5)","background-image":"","background-repeat":"repeat","background-position":"center center","background-size":"auto","background-attachment":"scroll","background-type":"","background-media":"","overlay-type":"","overlay-color":"","overlay-opacity":"","overlay-gradient":""},"mobile":{"background-color":"var(--ast-global-color-5)","background-image":"","background-repeat":"repeat","background-position":"center center","background-size":"auto","background-attachment":"scroll","background-type":"","background-media":"","overlay-type":"","overlay-color":"","overlay-opacity":"","overlay-gradient":""}},"_EventAllDay":false,"_EventTimezone":"","_EventStartDate":"","_EventEndDate":"","_EventStartDateUTC":"","_EventEndDateUTC":"","_EventShowMap":false,"_EventShowMapLink":false,"_EventURL":"","_EventCost":"","_EventCostDescription":"","_EventCurrencySymbol":"","_EventCurrencyCode":"","_EventCurrencyPosition":"","_EventDateTimeSeparator":"","_EventTimeRangeSeparator":"","_EventOrganizerID":[],"_EventVenueID":[],"_OrganizerEmail":"","_OrganizerPhone":"","_OrganizerWebsite":"","_VenueAddress":"","_VenueCity":"","_VenueCountry":"","_VenueProvince":"","_VenueState":"","_VenueZip":"","_VenuePhone":"","_VenueURL":"","_VenueStateProvince":"","_VenueLat":"","_VenueLng":"","_VenueShowMap":false,"_VenueShowMapLink":false,"footnotes":""},"class_list":["post-507","page","type-page","status-publish","hentry"],"yoast_head":"<!-- This site is optimized with the Yoast SEO plugin v27.6 - https:\/\/yoast.com\/product\/yoast-seo-wordpress\/ -->\n<title>Alumn activies - Nano ry<\/title>\n<meta name=\"description\" content=\"Alumn activies -\" \/>\n<meta name=\"robots\" content=\"index, follow, max-snippet:-1, max-image-preview:large, max-video-preview:-1\" \/>\n<link rel=\"canonical\" href=\"https:\/\/nanory.fi\/fi\/alumn-activies\/\" \/>\n<meta property=\"og:locale\" content=\"fi_FI\" \/>\n<meta property=\"og:type\" content=\"article\" \/>\n<meta property=\"og:title\" content=\"Alumn activies - Nano ry\" \/>\n<meta property=\"og:description\" content=\"Alumn activies -\" \/>\n<meta property=\"og:url\" content=\"https:\/\/nanory.fi\/fi\/alumn-activies\/\" \/>\n<meta property=\"og:site_name\" content=\"Nano ry\" \/>\n<meta property=\"article:modified_time\" content=\"2024-12-02T12:49:15+00:00\" \/>\n<meta property=\"og:image\" content=\"https:\/\/nanory.fi\/wp-content\/uploads\/2024\/07\/purple_text_and_logo_variation_1.png\" \/>\n\t<meta property=\"og:image:width\" content=\"1912\" \/>\n\t<meta property=\"og:image:height\" content=\"1838\" \/>\n\t<meta property=\"og:image:type\" content=\"image\/png\" \/>\n<meta name=\"twitter:card\" content=\"summary_large_image\" \/>\n<meta name=\"twitter:label1\" content=\"Arvioitu lukuaika\" \/>\n\t<meta name=\"twitter:data1\" content=\"1 minuutti\" \/>\n<script type=\"application\/ld+json\" class=\"yoast-schema-graph\">{\"@context\":\"https:\\\/\\\/schema.org\",\"@graph\":[{\"@type\":\"WebPage\",\"@id\":\"https:\\\/\\\/nanory.fi\\\/alumn-activies\\\/\",\"url\":\"https:\\\/\\\/nanory.fi\\\/alumn-activies\\\/\",\"name\":\"Alumn activies - Nano ry\",\"isPartOf\":{\"@id\":\"https:\\\/\\\/nanory.fi\\\/#website\"},\"datePublished\":\"2024-12-02T12:46:47+00:00\",\"dateModified\":\"2024-12-02T12:49:15+00:00\",\"description\":\"Alumn activies -\",\"breadcrumb\":{\"@id\":\"https:\\\/\\\/nanory.fi\\\/alumn-activies\\\/#breadcrumb\"},\"inLanguage\":\"fi\",\"potentialAction\":[{\"@type\":\"ReadAction\",\"target\":[\"https:\\\/\\\/nanory.fi\\\/alumn-activies\\\/\"]}]},{\"@type\":\"BreadcrumbList\",\"@id\":\"https:\\\/\\\/nanory.fi\\\/alumn-activies\\\/#breadcrumb\",\"itemListElement\":[{\"@type\":\"ListItem\",\"position\":1,\"name\":\"Home\",\"item\":\"https:\\\/\\\/nanory.fi\\\/\"},{\"@type\":\"ListItem\",\"position\":2,\"name\":\"Alumn activies\"}]},{\"@type\":\"WebSite\",\"@id\":\"https:\\\/\\\/nanory.fi\\\/#website\",\"url\":\"https:\\\/\\\/nanory.fi\\\/\",\"name\":\"Nano ry\",\"description\":\"Nanoscience student association at JYU. Nanotieteen ainej\u00e4rjest\u00f6 Jyv\u00e4skyl\u00e4n Yliopistossa.\",\"publisher\":{\"@id\":\"https:\\\/\\\/nanory.fi\\\/#organization\"},\"alternateName\":\"Nano\",\"potentialAction\":[{\"@type\":\"SearchAction\",\"target\":{\"@type\":\"EntryPoint\",\"urlTemplate\":\"https:\\\/\\\/nanory.fi\\\/?s={search_term_string}\"},\"query-input\":{\"@type\":\"PropertyValueSpecification\",\"valueRequired\":true,\"valueName\":\"search_term_string\"}}],\"inLanguage\":\"fi\"},{\"@type\":\"Organization\",\"@id\":\"https:\\\/\\\/nanory.fi\\\/#organization\",\"name\":\"Nano ry\",\"alternateName\":\"Nano\",\"url\":\"https:\\\/\\\/nanory.fi\\\/\",\"logo\":{\"@type\":\"ImageObject\",\"inLanguage\":\"fi\",\"@id\":\"https:\\\/\\\/nanory.fi\\\/#\\\/schema\\\/logo\\\/image\\\/\",\"url\":\"https:\\\/\\\/nanory.fi\\\/wp-content\\\/uploads\\\/2024\\\/07\\\/cropped-cropped-purple_text_and_logo_variation_1-1.png\",\"contentUrl\":\"https:\\\/\\\/nanory.fi\\\/wp-content\\\/uploads\\\/2024\\\/07\\\/cropped-cropped-purple_text_and_logo_variation_1-1.png\",\"width\":1909,\"height\":1834,\"caption\":\"Nano ry\"},\"image\":{\"@id\":\"https:\\\/\\\/nanory.fi\\\/#\\\/schema\\\/logo\\\/image\\\/\"},\"sameAs\":[\"https:\\\/\\\/www.instagram.com\\\/nano.jkl\\\/\"]}]}<\/script>\n<!-- \/ Yoast SEO plugin. -->","yoast_head_json":{"title":"Alumn activies - Nano ry","description":"Alumn activies -","robots":{"index":"index","follow":"follow","max-snippet":"max-snippet:-1","max-image-preview":"max-image-preview:large","max-video-preview":"max-video-preview:-1"},"canonical":"https:\/\/nanory.fi\/fi\/alumn-activies\/","og_locale":"fi_FI","og_type":"article","og_title":"Alumn activies - Nano ry","og_description":"Alumn activies -","og_url":"https:\/\/nanory.fi\/fi\/alumn-activies\/","og_site_name":"Nano ry","article_modified_time":"2024-12-02T12:49:15+00:00","og_image":[{"width":1912,"height":1838,"url":"https:\/\/nanory.fi\/wp-content\/uploads\/2024\/07\/purple_text_and_logo_variation_1.png","type":"image\/png"}],"twitter_card":"summary_large_image","twitter_misc":{"Arvioitu lukuaika":"1 minuutti"},"schema":{"@context":"https:\/\/schema.org","@graph":[{"@type":"WebPage","@id":"https:\/\/nanory.fi\/alumn-activies\/","url":"https:\/\/nanory.fi\/alumn-activies\/","name":"Alumn activies - Nano ry","isPartOf":{"@id":"https:\/\/nanory.fi\/#website"},"datePublished":"2024-12-02T12:46:47+00:00","dateModified":"2024-12-02T12:49:15+00:00","description":"Alumn activies -","breadcrumb":{"@id":"https:\/\/nanory.fi\/alumn-activies\/#breadcrumb"},"inLanguage":"fi","potentialAction":[{"@type":"ReadAction","target":["https:\/\/nanory.fi\/alumn-activies\/"]}]},{"@type":"BreadcrumbList","@id":"https:\/\/nanory.fi\/alumn-activies\/#breadcrumb","itemListElement":[{"@type":"ListItem","position":1,"name":"Home","item":"https:\/\/nanory.fi\/"},{"@type":"ListItem","position":2,"name":"Alumn activies"}]},{"@type":"WebSite","@id":"https:\/\/nanory.fi\/#website","url":"https:\/\/nanory.fi\/","name":"Nano ry","description":"Nanoscience student association at JYU. Nanotieteen ainej\u00e4rjest\u00f6 Jyv\u00e4skyl\u00e4n Yliopistossa.","publisher":{"@id":"https:\/\/nanory.fi\/#organization"},"alternateName":"Nano","potentialAction":[{"@type":"SearchAction","target":{"@type":"EntryPoint","urlTemplate":"https:\/\/nanory.fi\/?s={search_term_string}"},"query-input":{"@type":"PropertyValueSpecification","valueRequired":true,"valueName":"search_term_string"}}],"inLanguage":"fi"},{"@type":"Organization","@id":"https:\/\/nanory.fi\/#organization","name":"Nano ry","alternateName":"Nano","url":"https:\/\/nanory.fi\/","logo":{"@type":"ImageObject","inLanguage":"fi","@id":"https:\/\/nanory.fi\/#\/schema\/logo\/image\/","url":"https:\/\/nanory.fi\/wp-content\/uploads\/2024\/07\/cropped-cropped-purple_text_and_logo_variation_1-1.png","contentUrl":"https:\/\/nanory.fi\/wp-content\/uploads\/2024\/07\/cropped-cropped-purple_text_and_logo_variation_1-1.png","width":1909,"height":1834,"caption":"Nano ry"},"image":{"@id":"https:\/\/nanory.fi\/#\/schema\/logo\/image\/"},"sameAs":["https:\/\/www.instagram.com\/nano.jkl\/"]}]}},"_links":{"self":[{"href":"https:\/\/nanory.fi\/fi\/wp-json\/wp\/v2\/pages\/507","targetHints":{"allow":["GET"]}}],"collection":[{"href":"https:\/\/nanory.fi\/fi\/wp-json\/wp\/v2\/pages"}],"about":[{"href":"https:\/\/nanory.fi\/fi\/wp-json\/wp\/v2\/types\/page"}],"author":[{"embeddable":true,"href":"https:\/\/nanory.fi\/fi\/wp-json\/wp\/v2\/users\/1"}],"replies":[{"embeddable":true,"href":"https:\/\/nanory.fi\/fi\/wp-json\/wp\/v2\/comments?post=507"}],"version-history":[{"count":2,"href":"https:\/\/nanory.fi\/fi\/wp-json\/wp\/v2\/pages\/507\/revisions"}],"predecessor-version":[{"id":509,"href":"https:\/\/nanory.fi\/fi\/wp-json\/wp\/v2\/pages\/507\/revisions\/509"}],"wp:attachment":[{"href":"https:\/\/nanory.fi\/fi\/wp-json\/wp\/v2\/media?parent=507"}],"curies":[{"name":"wp","href":"https:\/\/api.w.org\/{rel}","templated":true}]}}