{"id":477,"date":"2025-04-23T10:10:43","date_gmt":"2025-04-23T07:10:43","guid":{"rendered":"https:\/\/nanory.fi\/?page_id=477"},"modified":"2025-04-23T11:02:32","modified_gmt":"2025-04-23T08:02:32","slug":"yritysyhteistyo-nano-ryn-kanssa","status":"publish","type":"page","link":"https:\/\/nanory.fi\/fi\/yritysyhteistyo-nano-ryn-kanssa\/","title":{"rendered":"Yrityksille"},"content":{"rendered":"<p><strong>Nano ry<\/strong> on Jyv\u00e4skyl\u00e4n yliopiston nanotieteen opiskelijoiden ainej\u00e4rjest\u00f6. J\u00e4senemme opiskelevat kemian, fysiikan ja biologian yhdist\u00e4v\u00e4\u00e4 nanotiedett\u00e4 \u2013 tulevaisuuden alaa, joka muovaa teknologian, tutkimuksen ja teollisuuden kehityst\u00e4.<br>Etsimme aktiivisesti yhteisty\u00f6kumppaneita, jotka haluavat n\u00e4ky\u00e4 luonnontieteist\u00e4 kiinnostuneiden, motivoituneiden ja osaavien opiskelijoiden keskuudessa.<\/p>\n\n\n\n<h2 class=\"wp-block-heading\">Miksi Nano ry?<\/h2>\n\n\n\n<p><strong><span style=\"text-decoration: underline;\">Tavoita oikea kohderyhm\u00e4<\/span><\/strong><br>Nano ry:n opiskelijat t\u00e4ht\u00e4\u00e4v\u00e4t uralle esimerkiksi tutkimuksen, teknologiateollisuuden, l\u00e4\u00e4kekehityksen tai materiaalitutkimuksen parissa. Yhteisty\u00f6 kanssamme tarjoaa mahdollisuuden esitell\u00e4 yrityksenne toimintaa ja uramahdollisuuksia tulevaisuuden asiantuntijoille. Meid\u00e4n kautta l\u00f6yd\u00e4t my\u00f6s potentiaaliset kes\u00e4ty\u00f6ntekij\u00e4t, harjoittelijat tai tulevat ty\u00f6ntekij\u00e4t.<\/p>\n\n\n\n<p><strong><span style=\"text-decoration: underline;\">Monipuoliset yhteisty\u00f6mahdollisuudet<\/span><\/strong><br>Tarjoamme useita tapoja tuoda yrityksenne esiin:<br><strong>Ty\u00f6- ja harjoittelupaikkojen v\u00e4litys<\/strong> mainosta avoimia paikkoja suoraan kohdeyleis\u00f6lle.<br><strong>Excursiot<\/strong> j\u00e4rjest\u00e4mme vierailuja yrityksiin, joissa opiskelijat p\u00e4\u00e4sev\u00e4t tutustumaan arkeen ja uramahdollisuuksiin.<br><strong>Yritysesittelyillat<\/strong> tuokaa yrityksenne kampukselle esitt\u00e4ytym\u00e4\u00e4n ja verkostoitumaan.<br><strong>Tapahtumayhteisty\u00f6 <\/strong>n\u00e4kyvyytt\u00e4 esimerkiksi vuosijuhlissa, saunailoissa, sitsikemuissa ja muissa opiskelijatapahtumissa.<br><strong>Mainonta<\/strong> n\u00e4kyvyytt\u00e4 s\u00e4hk\u00f6postikirjeiss\u00e4, sosiaalisessa mediassa ja Nano ry:n nettisivuilla.<br><strong>Haalarisponsorointi<\/strong> n\u00e4kyvyytt\u00e4 Suomen hienoimmissa haalareissa, tilaamme haalareita kerran vuodessa syyslukukauden aikana.<\/p>\n\n\n\n<p><strong><span style=\"text-decoration: underline;\">Sijoitus tulevaisuuteen<\/span><\/strong><br>Yhteisty\u00f6 Nano ry:n kanssa ei ole pelkk\u00e4\u00e4 n\u00e4kyvyytt\u00e4 \u2013 se on sijoitus tulevaisuuteen.<br>Haluamme rakentaa kest\u00e4vi\u00e4 suhteita, kehitty\u00e4 yhdess\u00e4 ja luoda polkuja ty\u00f6el\u00e4m\u00e4\u00e4n jo opiskeluaikana.<\/p>\n\n\n\n<p><strong><span style=\"text-decoration: underline;\">Oletko kiinnostunut?<\/span><\/strong><br>Ota yhteytt\u00e4 ja mietit\u00e4\u00e4n yhdess\u00e4 sopiva yhteisty\u00f6muoto:<br><strong>hallitus(at)nanory.fi<\/strong><br><br><\/p>\n\n\n\n<p><\/p>\n\n\n\n<p><\/p>","protected":false},"excerpt":{"rendered":"<p>Nano ry is a student organization for nanoscience students at the University of Jyv\u00e4skyl\u00e4. Our members study nanoscience, which combines chemistry, physics and biology \u2013 a field of the future [&hellip;]<\/p>\n","protected":false},"author":2,"featured_media":0,"parent":0,"menu_order":0,"comment_status":"closed","ping_status":"closed","template":"","meta":{"site-sidebar-layout":"default","site-content-layout":"","ast-site-content-layout":"default","site-content-style":"default","site-sidebar-style":"default","ast-global-header-display":"","ast-banner-title-visibility":"","ast-main-header-display":"","ast-hfb-above-header-display":"","ast-hfb-below-header-display":"","ast-hfb-mobile-header-display":"","site-post-title":"","ast-breadcrumbs-content":"","ast-featured-img":"","footer-sml-layout":"","ast-disable-related-posts":"","theme-transparent-header-meta":"","adv-header-id-meta":"","stick-header-meta":"","header-above-stick-meta":"","header-main-stick-meta":"","header-below-stick-meta":"","astra-migrate-meta-layouts":"default","ast-page-background-enabled":"default","ast-page-background-meta":{"desktop":{"background-color":"var(--ast-global-color-4)","background-image":"","background-repeat":"repeat","background-position":"center center","background-size":"auto","background-attachment":"scroll","background-type":"","background-media":"","overlay-type":"","overlay-color":"","overlay-opacity":"","overlay-gradient":""},"tablet":{"background-color":"","background-image":"","background-repeat":"repeat","background-position":"center center","background-size":"auto","background-attachment":"scroll","background-type":"","background-media":"","overlay-type":"","overlay-color":"","overlay-opacity":"","overlay-gradient":""},"mobile":{"background-color":"","background-image":"","background-repeat":"repeat","background-position":"center center","background-size":"auto","background-attachment":"scroll","background-type":"","background-media":"","overlay-type":"","overlay-color":"","overlay-opacity":"","overlay-gradient":""}},"ast-content-background-meta":{"desktop":{"background-color":"var(--ast-global-color-5)","background-image":"","background-repeat":"repeat","background-position":"center center","background-size":"auto","background-attachment":"scroll","background-type":"","background-media":"","overlay-type":"","overlay-color":"","overlay-opacity":"","overlay-gradient":""},"tablet":{"background-color":"var(--ast-global-color-5)","background-image":"","background-repeat":"repeat","background-position":"center center","background-size":"auto","background-attachment":"scroll","background-type":"","background-media":"","overlay-type":"","overlay-color":"","overlay-opacity":"","overlay-gradient":""},"mobile":{"background-color":"var(--ast-global-color-5)","background-image":"","background-repeat":"repeat","background-position":"center center","background-size":"auto","background-attachment":"scroll","background-type":"","background-media":"","overlay-type":"","overlay-color":"","overlay-opacity":"","overlay-gradient":""}},"_EventAllDay":false,"_EventTimezone":"","_EventStartDate":"","_EventEndDate":"","_EventStartDateUTC":"","_EventEndDateUTC":"","_EventShowMap":false,"_EventShowMapLink":false,"_EventURL":"","_EventCost":"","_EventCostDescription":"","_EventCurrencySymbol":"","_EventCurrencyCode":"","_EventCurrencyPosition":"","_EventDateTimeSeparator":"","_EventTimeRangeSeparator":"","_EventOrganizerID":[],"_EventVenueID":[],"_OrganizerEmail":"","_OrganizerPhone":"","_OrganizerWebsite":"","_VenueAddress":"","_VenueCity":"","_VenueCountry":"","_VenueProvince":"","_VenueState":"","_VenueZip":"","_VenuePhone":"","_VenueURL":"","_VenueStateProvince":"","_VenueLat":"","_VenueLng":"","_VenueShowMap":false,"_VenueShowMapLink":false,"footnotes":""},"class_list":["post-477","page","type-page","status-publish","hentry"],"yoast_head":"<!-- This site is optimized with the Yoast SEO plugin v27.6 - https:\/\/yoast.com\/product\/yoast-seo-wordpress\/ -->\n<title>For companies - Nano ry<\/title>\n<meta name=\"description\" content=\"For companies -\" \/>\n<meta name=\"robots\" content=\"index, follow, max-snippet:-1, max-image-preview:large, max-video-preview:-1\" \/>\n<link rel=\"canonical\" href=\"https:\/\/nanory.fi\/fi\/yritysyhteistyo-nano-ryn-kanssa\/\" \/>\n<meta property=\"og:locale\" content=\"fi_FI\" \/>\n<meta property=\"og:type\" content=\"article\" \/>\n<meta property=\"og:title\" content=\"For companies - Nano ry\" \/>\n<meta property=\"og:description\" content=\"For companies -\" \/>\n<meta property=\"og:url\" content=\"https:\/\/nanory.fi\/fi\/yritysyhteistyo-nano-ryn-kanssa\/\" \/>\n<meta property=\"og:site_name\" content=\"Nano ry\" \/>\n<meta property=\"article:modified_time\" content=\"2025-04-23T08:02:32+00:00\" \/>\n<meta property=\"og:image\" content=\"https:\/\/nanory.fi\/wp-content\/uploads\/2024\/07\/purple_text_and_logo_variation_1.png\" \/>\n\t<meta property=\"og:image:width\" content=\"1912\" \/>\n\t<meta property=\"og:image:height\" content=\"1838\" \/>\n\t<meta property=\"og:image:type\" content=\"image\/png\" \/>\n<meta name=\"twitter:card\" content=\"summary_large_image\" \/>\n<meta name=\"twitter:label1\" content=\"Arvioitu lukuaika\" \/>\n\t<meta name=\"twitter:data1\" content=\"2 minuuttia\" \/>\n<script type=\"application\/ld+json\" class=\"yoast-schema-graph\">{\"@context\":\"https:\\\/\\\/schema.org\",\"@graph\":[{\"@type\":\"WebPage\",\"@id\":\"https:\\\/\\\/nanory.fi\\\/yritysyhteistyo-nano-ryn-kanssa\\\/\",\"url\":\"https:\\\/\\\/nanory.fi\\\/yritysyhteistyo-nano-ryn-kanssa\\\/\",\"name\":\"For companies - Nano ry\",\"isPartOf\":{\"@id\":\"https:\\\/\\\/nanory.fi\\\/#website\"},\"datePublished\":\"2025-04-23T07:10:43+00:00\",\"dateModified\":\"2025-04-23T08:02:32+00:00\",\"description\":\"For companies -\",\"breadcrumb\":{\"@id\":\"https:\\\/\\\/nanory.fi\\\/yritysyhteistyo-nano-ryn-kanssa\\\/#breadcrumb\"},\"inLanguage\":\"fi\",\"potentialAction\":[{\"@type\":\"ReadAction\",\"target\":[\"https:\\\/\\\/nanory.fi\\\/yritysyhteistyo-nano-ryn-kanssa\\\/\"]}]},{\"@type\":\"BreadcrumbList\",\"@id\":\"https:\\\/\\\/nanory.fi\\\/yritysyhteistyo-nano-ryn-kanssa\\\/#breadcrumb\",\"itemListElement\":[{\"@type\":\"ListItem\",\"position\":1,\"name\":\"Home\",\"item\":\"https:\\\/\\\/nanory.fi\\\/\"},{\"@type\":\"ListItem\",\"position\":2,\"name\":\"For companies\"}]},{\"@type\":\"WebSite\",\"@id\":\"https:\\\/\\\/nanory.fi\\\/#website\",\"url\":\"https:\\\/\\\/nanory.fi\\\/\",\"name\":\"Nano ry\",\"description\":\"Nanoscience student association at JYU. Nanotieteen ainej\u00e4rjest\u00f6 Jyv\u00e4skyl\u00e4n Yliopistossa.\",\"publisher\":{\"@id\":\"https:\\\/\\\/nanory.fi\\\/#organization\"},\"alternateName\":\"Nano\",\"potentialAction\":[{\"@type\":\"SearchAction\",\"target\":{\"@type\":\"EntryPoint\",\"urlTemplate\":\"https:\\\/\\\/nanory.fi\\\/?s={search_term_string}\"},\"query-input\":{\"@type\":\"PropertyValueSpecification\",\"valueRequired\":true,\"valueName\":\"search_term_string\"}}],\"inLanguage\":\"fi\"},{\"@type\":\"Organization\",\"@id\":\"https:\\\/\\\/nanory.fi\\\/#organization\",\"name\":\"Nano ry\",\"alternateName\":\"Nano\",\"url\":\"https:\\\/\\\/nanory.fi\\\/\",\"logo\":{\"@type\":\"ImageObject\",\"inLanguage\":\"fi\",\"@id\":\"https:\\\/\\\/nanory.fi\\\/#\\\/schema\\\/logo\\\/image\\\/\",\"url\":\"https:\\\/\\\/nanory.fi\\\/wp-content\\\/uploads\\\/2024\\\/07\\\/cropped-cropped-purple_text_and_logo_variation_1-1.png\",\"contentUrl\":\"https:\\\/\\\/nanory.fi\\\/wp-content\\\/uploads\\\/2024\\\/07\\\/cropped-cropped-purple_text_and_logo_variation_1-1.png\",\"width\":1909,\"height\":1834,\"caption\":\"Nano ry\"},\"image\":{\"@id\":\"https:\\\/\\\/nanory.fi\\\/#\\\/schema\\\/logo\\\/image\\\/\"},\"sameAs\":[\"https:\\\/\\\/www.instagram.com\\\/nano.jkl\\\/\"]}]}<\/script>\n<!-- \/ Yoast SEO plugin. -->","yoast_head_json":{"title":"For companies - Nano ry","description":"For companies -","robots":{"index":"index","follow":"follow","max-snippet":"max-snippet:-1","max-image-preview":"max-image-preview:large","max-video-preview":"max-video-preview:-1"},"canonical":"https:\/\/nanory.fi\/fi\/yritysyhteistyo-nano-ryn-kanssa\/","og_locale":"fi_FI","og_type":"article","og_title":"For companies - Nano ry","og_description":"For companies -","og_url":"https:\/\/nanory.fi\/fi\/yritysyhteistyo-nano-ryn-kanssa\/","og_site_name":"Nano ry","article_modified_time":"2025-04-23T08:02:32+00:00","og_image":[{"width":1912,"height":1838,"url":"https:\/\/nanory.fi\/wp-content\/uploads\/2024\/07\/purple_text_and_logo_variation_1.png","type":"image\/png"}],"twitter_card":"summary_large_image","twitter_misc":{"Arvioitu lukuaika":"2 minuuttia"},"schema":{"@context":"https:\/\/schema.org","@graph":[{"@type":"WebPage","@id":"https:\/\/nanory.fi\/yritysyhteistyo-nano-ryn-kanssa\/","url":"https:\/\/nanory.fi\/yritysyhteistyo-nano-ryn-kanssa\/","name":"For companies - Nano ry","isPartOf":{"@id":"https:\/\/nanory.fi\/#website"},"datePublished":"2025-04-23T07:10:43+00:00","dateModified":"2025-04-23T08:02:32+00:00","description":"For companies -","breadcrumb":{"@id":"https:\/\/nanory.fi\/yritysyhteistyo-nano-ryn-kanssa\/#breadcrumb"},"inLanguage":"fi","potentialAction":[{"@type":"ReadAction","target":["https:\/\/nanory.fi\/yritysyhteistyo-nano-ryn-kanssa\/"]}]},{"@type":"BreadcrumbList","@id":"https:\/\/nanory.fi\/yritysyhteistyo-nano-ryn-kanssa\/#breadcrumb","itemListElement":[{"@type":"ListItem","position":1,"name":"Home","item":"https:\/\/nanory.fi\/"},{"@type":"ListItem","position":2,"name":"For companies"}]},{"@type":"WebSite","@id":"https:\/\/nanory.fi\/#website","url":"https:\/\/nanory.fi\/","name":"Nano ry","description":"Nanoscience student association at JYU. Nanotieteen ainej\u00e4rjest\u00f6 Jyv\u00e4skyl\u00e4n Yliopistossa.","publisher":{"@id":"https:\/\/nanory.fi\/#organization"},"alternateName":"Nano","potentialAction":[{"@type":"SearchAction","target":{"@type":"EntryPoint","urlTemplate":"https:\/\/nanory.fi\/?s={search_term_string}"},"query-input":{"@type":"PropertyValueSpecification","valueRequired":true,"valueName":"search_term_string"}}],"inLanguage":"fi"},{"@type":"Organization","@id":"https:\/\/nanory.fi\/#organization","name":"Nano ry","alternateName":"Nano","url":"https:\/\/nanory.fi\/","logo":{"@type":"ImageObject","inLanguage":"fi","@id":"https:\/\/nanory.fi\/#\/schema\/logo\/image\/","url":"https:\/\/nanory.fi\/wp-content\/uploads\/2024\/07\/cropped-cropped-purple_text_and_logo_variation_1-1.png","contentUrl":"https:\/\/nanory.fi\/wp-content\/uploads\/2024\/07\/cropped-cropped-purple_text_and_logo_variation_1-1.png","width":1909,"height":1834,"caption":"Nano ry"},"image":{"@id":"https:\/\/nanory.fi\/#\/schema\/logo\/image\/"},"sameAs":["https:\/\/www.instagram.com\/nano.jkl\/"]}]}},"_links":{"self":[{"href":"https:\/\/nanory.fi\/fi\/wp-json\/wp\/v2\/pages\/477","targetHints":{"allow":["GET"]}}],"collection":[{"href":"https:\/\/nanory.fi\/fi\/wp-json\/wp\/v2\/pages"}],"about":[{"href":"https:\/\/nanory.fi\/fi\/wp-json\/wp\/v2\/types\/page"}],"author":[{"embeddable":true,"href":"https:\/\/nanory.fi\/fi\/wp-json\/wp\/v2\/users\/2"}],"replies":[{"embeddable":true,"href":"https:\/\/nanory.fi\/fi\/wp-json\/wp\/v2\/comments?post=477"}],"version-history":[{"count":4,"href":"https:\/\/nanory.fi\/fi\/wp-json\/wp\/v2\/pages\/477\/revisions"}],"predecessor-version":[{"id":594,"href":"https:\/\/nanory.fi\/fi\/wp-json\/wp\/v2\/pages\/477\/revisions\/594"}],"wp:attachment":[{"href":"https:\/\/nanory.fi\/fi\/wp-json\/wp\/v2\/media?parent=477"}],"curies":[{"name":"wp","href":"https:\/\/api.w.org\/{rel}","templated":true}]}}