{"id":455,"date":"2024-10-12T16:11:53","date_gmt":"2024-10-12T13:11:53","guid":{"rendered":"https:\/\/nanory.fi\/?page_id=455"},"modified":"2026-01-22T12:07:40","modified_gmt":"2026-01-22T10:07:40","slug":"club-room","status":"publish","type":"page","link":"https:\/\/nanory.fi\/fi\/club-room\/","title":{"rendered":"Ainej\u00e4rjest\u00f6tila"},"content":{"rendered":"<p>Nano ry invites members to relax and socialize in the club room called charge state at YNC308, accessible during the Nanoscience Center\u2019s open hours. Inside, you&#8217;ll find coffee and tea available for members, along with a cozy atmosphere perfect for unwinding or studying. Various card games are ready to play, but members are welcome to bring their own games to add to the fun. It\u2019s a great spot to meet others in the field, connect over shared interests, and take a break between classes or study sessions.<\/p>\n\n\n\n<h3 class=\"wp-block-heading\">Ainej\u00e4rjest\u00f6tilan k\u00e4yt\u00e4nteet<\/h3>\n\n\n\n<ol class=\"wp-block-list\">\n<li><strong>Aukioloajat<\/strong>: Tila on avoinna maanantaista perjantaihin klo 7:30\u201316:30.<\/li>\n\n\n\n<li><strong>Pidet\u00e4\u00e4n tila siistin\u00e4<\/strong>: Pidet\u00e4\u00e4n tila siistin\u00e4: Siivoa omat j\u00e4lkesi. Roskat roskiin ja j\u00e4\u00e4kaappi tyhj\u00e4ksi omista\nev\u00e4ist\u00e4. Merkitse omat ruokasi ja p\u00e4iv\u00e4m\u00e4\u00e4r\u00e4n niihin. J\u00e4\u00e4kaappia tyhjennet\u00e4\u00e4n s\u00e4\u00e4nn\u00f6llisesti.<\/li>\n\n\n\n<li><strong>Laitteiden k\u00e4ytt\u00f6<\/strong>: Voit k\u00e4ytt\u00e4\u00e4 TV:t\u00e4 ja muita tilan laitteita vapaasti. Muista ottaa oma\ntietokoneesi mukaan, jos liit\u00e4t sen (HDMI-kaapeli l\u00f6ytyy tilasta).<\/li>\n\n\n\n<li><strong>Pelit ja ajanvietto<\/strong>: Korttipelit ja lautapelit ovat k\u00e4ytett\u00e4viss\u00e4, ja voit tuoda my\u00f6s omia pelej\u00e4\nyhteiseen k\u00e4ytt\u00f6\u00f6n.<\/li>\n\n\n\n<li><strong>Kahvi- ja tee-politiikka<\/strong>: Viritysvastaava vastaa kahvi- ja teetarjoilun j\u00e4rjest\u00e4misest\u00e4.<\/li>\n\n\n\n<li><strong>Viritysvastaava<\/strong>: Ainej\u00e4rjest\u00f6tilan yll\u00e4pidosta vastaava toimihenkil\u00f6\/hallituksen j\u00e4sen.<\/li>\n<\/ol>\n\n\n\n<p>T\u00e4ll\u00e4 hetkell\u00e4 tilassa on tarjolla kahvia ja teet\u00e4. Kun varastot loppuvat, aloitamme kahvin ja teen yst\u00e4ville yhteisen \"kahvikolehdin\". Viritysvastaava vastaa kolehdin ker\u00e4\u00e4misest\u00e4 ja k\u00e4ytt\u00e4\u00e4 sen kahvin ja teen t\u00e4ydennyksiin tarpeen mukaan.<\/p>\n\n\n\n<p><\/p>","protected":false},"excerpt":{"rendered":"<p>Nano ry invites members to relax and socialize in the club room called charge state at YNC308, accessible during the Nanoscience Center\u2019s open hours. Inside, you&#8217;ll find coffee and tea [&hellip;]<\/p>\n","protected":false},"author":1,"featured_media":0,"parent":0,"menu_order":0,"comment_status":"closed","ping_status":"closed","template":"","meta":{"site-sidebar-layout":"default","site-content-layout":"","ast-site-content-layout":"default","site-content-style":"default","site-sidebar-style":"default","ast-global-header-display":"","ast-banner-title-visibility":"","ast-main-header-display":"","ast-hfb-above-header-display":"","ast-hfb-below-header-display":"","ast-hfb-mobile-header-display":"","site-post-title":"","ast-breadcrumbs-content":"","ast-featured-img":"","footer-sml-layout":"","ast-disable-related-posts":"","theme-transparent-header-meta":"","adv-header-id-meta":"","stick-header-meta":"","header-above-stick-meta":"","header-main-stick-meta":"","header-below-stick-meta":"","astra-migrate-meta-layouts":"default","ast-page-background-enabled":"default","ast-page-background-meta":{"desktop":{"background-color":"var(--ast-global-color-4)","background-image":"","background-repeat":"repeat","background-position":"center center","background-size":"auto","background-attachment":"scroll","background-type":"","background-media":"","overlay-type":"","overlay-color":"","overlay-opacity":"","overlay-gradient":""},"tablet":{"background-color":"","background-image":"","background-repeat":"repeat","background-position":"center center","background-size":"auto","background-attachment":"scroll","background-type":"","background-media":"","overlay-type":"","overlay-color":"","overlay-opacity":"","overlay-gradient":""},"mobile":{"background-color":"","background-image":"","background-repeat":"repeat","background-position":"center center","background-size":"auto","background-attachment":"scroll","background-type":"","background-media":"","overlay-type":"","overlay-color":"","overlay-opacity":"","overlay-gradient":""}},"ast-content-background-meta":{"desktop":{"background-color":"var(--ast-global-color-5)","background-image":"","background-repeat":"repeat","background-position":"center center","background-size":"auto","background-attachment":"scroll","background-type":"","background-media":"","overlay-type":"","overlay-color":"","overlay-opacity":"","overlay-gradient":""},"tablet":{"background-color":"var(--ast-global-color-5)","background-image":"","background-repeat":"repeat","background-position":"center center","background-size":"auto","background-attachment":"scroll","background-type":"","background-media":"","overlay-type":"","overlay-color":"","overlay-opacity":"","overlay-gradient":""},"mobile":{"background-color":"var(--ast-global-color-5)","background-image":"","background-repeat":"repeat","background-position":"center center","background-size":"auto","background-attachment":"scroll","background-type":"","background-media":"","overlay-type":"","overlay-color":"","overlay-opacity":"","overlay-gradient":""}},"_EventAllDay":false,"_EventTimezone":"","_EventStartDate":"","_EventEndDate":"","_EventStartDateUTC":"","_EventEndDateUTC":"","_EventShowMap":false,"_EventShowMapLink":false,"_EventURL":"","_EventCost":"","_EventCostDescription":"","_EventCurrencySymbol":"","_EventCurrencyCode":"","_EventCurrencyPosition":"","_EventDateTimeSeparator":"","_EventTimeRangeSeparator":"","_EventOrganizerID":[],"_EventVenueID":[],"_OrganizerEmail":"","_OrganizerPhone":"","_OrganizerWebsite":"","_VenueAddress":"","_VenueCity":"","_VenueCountry":"","_VenueProvince":"","_VenueState":"","_VenueZip":"","_VenuePhone":"","_VenueURL":"","_VenueStateProvince":"","_VenueLat":"","_VenueLng":"","_VenueShowMap":false,"_VenueShowMapLink":false,"footnotes":""},"class_list":["post-455","page","type-page","status-publish","hentry"],"yoast_head":"<!-- This site is optimized with the Yoast SEO plugin v27.6 - https:\/\/yoast.com\/product\/yoast-seo-wordpress\/ -->\n<title>Club room - Nano ry<\/title>\n<meta name=\"description\" content=\"Club room -\" \/>\n<meta name=\"robots\" content=\"index, follow, max-snippet:-1, max-image-preview:large, max-video-preview:-1\" \/>\n<link rel=\"canonical\" href=\"https:\/\/nanory.fi\/fi\/club-room\/\" \/>\n<meta property=\"og:locale\" content=\"fi_FI\" \/>\n<meta property=\"og:type\" content=\"article\" \/>\n<meta property=\"og:title\" content=\"Club room - Nano ry\" \/>\n<meta property=\"og:description\" content=\"Club room -\" \/>\n<meta property=\"og:url\" content=\"https:\/\/nanory.fi\/fi\/club-room\/\" \/>\n<meta property=\"og:site_name\" content=\"Nano ry\" \/>\n<meta property=\"article:modified_time\" content=\"2026-01-22T10:07:40+00:00\" \/>\n<meta property=\"og:image\" content=\"https:\/\/nanory.fi\/wp-content\/uploads\/2024\/07\/purple_text_and_logo_variation_1.png\" \/>\n\t<meta property=\"og:image:width\" content=\"1912\" \/>\n\t<meta property=\"og:image:height\" content=\"1838\" \/>\n\t<meta property=\"og:image:type\" content=\"image\/png\" \/>\n<meta name=\"twitter:card\" content=\"summary_large_image\" \/>\n<meta name=\"twitter:label1\" content=\"Arvioitu lukuaika\" \/>\n\t<meta name=\"twitter:data1\" content=\"2 minuuttia\" \/>\n<script type=\"application\/ld+json\" class=\"yoast-schema-graph\">{\"@context\":\"https:\\\/\\\/schema.org\",\"@graph\":[{\"@type\":\"WebPage\",\"@id\":\"https:\\\/\\\/nanory.fi\\\/club-room\\\/\",\"url\":\"https:\\\/\\\/nanory.fi\\\/club-room\\\/\",\"name\":\"Club room - Nano ry\",\"isPartOf\":{\"@id\":\"https:\\\/\\\/nanory.fi\\\/#website\"},\"datePublished\":\"2024-10-12T13:11:53+00:00\",\"dateModified\":\"2026-01-22T10:07:40+00:00\",\"description\":\"Club room -\",\"breadcrumb\":{\"@id\":\"https:\\\/\\\/nanory.fi\\\/club-room\\\/#breadcrumb\"},\"inLanguage\":\"fi\",\"potentialAction\":[{\"@type\":\"ReadAction\",\"target\":[\"https:\\\/\\\/nanory.fi\\\/club-room\\\/\"]}]},{\"@type\":\"BreadcrumbList\",\"@id\":\"https:\\\/\\\/nanory.fi\\\/club-room\\\/#breadcrumb\",\"itemListElement\":[{\"@type\":\"ListItem\",\"position\":1,\"name\":\"Home\",\"item\":\"https:\\\/\\\/nanory.fi\\\/\"},{\"@type\":\"ListItem\",\"position\":2,\"name\":\"Club room\"}]},{\"@type\":\"WebSite\",\"@id\":\"https:\\\/\\\/nanory.fi\\\/#website\",\"url\":\"https:\\\/\\\/nanory.fi\\\/\",\"name\":\"Nano ry\",\"description\":\"Nanoscience student association at JYU. Nanotieteen ainej\u00e4rjest\u00f6 Jyv\u00e4skyl\u00e4n Yliopistossa.\",\"publisher\":{\"@id\":\"https:\\\/\\\/nanory.fi\\\/#organization\"},\"alternateName\":\"Nano\",\"potentialAction\":[{\"@type\":\"SearchAction\",\"target\":{\"@type\":\"EntryPoint\",\"urlTemplate\":\"https:\\\/\\\/nanory.fi\\\/?s={search_term_string}\"},\"query-input\":{\"@type\":\"PropertyValueSpecification\",\"valueRequired\":true,\"valueName\":\"search_term_string\"}}],\"inLanguage\":\"fi\"},{\"@type\":\"Organization\",\"@id\":\"https:\\\/\\\/nanory.fi\\\/#organization\",\"name\":\"Nano ry\",\"alternateName\":\"Nano\",\"url\":\"https:\\\/\\\/nanory.fi\\\/\",\"logo\":{\"@type\":\"ImageObject\",\"inLanguage\":\"fi\",\"@id\":\"https:\\\/\\\/nanory.fi\\\/#\\\/schema\\\/logo\\\/image\\\/\",\"url\":\"https:\\\/\\\/nanory.fi\\\/wp-content\\\/uploads\\\/2024\\\/07\\\/cropped-cropped-purple_text_and_logo_variation_1-1.png\",\"contentUrl\":\"https:\\\/\\\/nanory.fi\\\/wp-content\\\/uploads\\\/2024\\\/07\\\/cropped-cropped-purple_text_and_logo_variation_1-1.png\",\"width\":1909,\"height\":1834,\"caption\":\"Nano ry\"},\"image\":{\"@id\":\"https:\\\/\\\/nanory.fi\\\/#\\\/schema\\\/logo\\\/image\\\/\"},\"sameAs\":[\"https:\\\/\\\/www.instagram.com\\\/nano.jkl\\\/\"]}]}<\/script>\n<!-- \/ Yoast SEO plugin. -->","yoast_head_json":{"title":"Club room - Nano ry","description":"Club room -","robots":{"index":"index","follow":"follow","max-snippet":"max-snippet:-1","max-image-preview":"max-image-preview:large","max-video-preview":"max-video-preview:-1"},"canonical":"https:\/\/nanory.fi\/fi\/club-room\/","og_locale":"fi_FI","og_type":"article","og_title":"Club room - Nano ry","og_description":"Club room -","og_url":"https:\/\/nanory.fi\/fi\/club-room\/","og_site_name":"Nano ry","article_modified_time":"2026-01-22T10:07:40+00:00","og_image":[{"width":1912,"height":1838,"url":"https:\/\/nanory.fi\/wp-content\/uploads\/2024\/07\/purple_text_and_logo_variation_1.png","type":"image\/png"}],"twitter_card":"summary_large_image","twitter_misc":{"Arvioitu lukuaika":"2 minuuttia"},"schema":{"@context":"https:\/\/schema.org","@graph":[{"@type":"WebPage","@id":"https:\/\/nanory.fi\/club-room\/","url":"https:\/\/nanory.fi\/club-room\/","name":"Club room - Nano ry","isPartOf":{"@id":"https:\/\/nanory.fi\/#website"},"datePublished":"2024-10-12T13:11:53+00:00","dateModified":"2026-01-22T10:07:40+00:00","description":"Club room -","breadcrumb":{"@id":"https:\/\/nanory.fi\/club-room\/#breadcrumb"},"inLanguage":"fi","potentialAction":[{"@type":"ReadAction","target":["https:\/\/nanory.fi\/club-room\/"]}]},{"@type":"BreadcrumbList","@id":"https:\/\/nanory.fi\/club-room\/#breadcrumb","itemListElement":[{"@type":"ListItem","position":1,"name":"Home","item":"https:\/\/nanory.fi\/"},{"@type":"ListItem","position":2,"name":"Club room"}]},{"@type":"WebSite","@id":"https:\/\/nanory.fi\/#website","url":"https:\/\/nanory.fi\/","name":"Nano ry","description":"Nanoscience student association at JYU. Nanotieteen ainej\u00e4rjest\u00f6 Jyv\u00e4skyl\u00e4n Yliopistossa.","publisher":{"@id":"https:\/\/nanory.fi\/#organization"},"alternateName":"Nano","potentialAction":[{"@type":"SearchAction","target":{"@type":"EntryPoint","urlTemplate":"https:\/\/nanory.fi\/?s={search_term_string}"},"query-input":{"@type":"PropertyValueSpecification","valueRequired":true,"valueName":"search_term_string"}}],"inLanguage":"fi"},{"@type":"Organization","@id":"https:\/\/nanory.fi\/#organization","name":"Nano ry","alternateName":"Nano","url":"https:\/\/nanory.fi\/","logo":{"@type":"ImageObject","inLanguage":"fi","@id":"https:\/\/nanory.fi\/#\/schema\/logo\/image\/","url":"https:\/\/nanory.fi\/wp-content\/uploads\/2024\/07\/cropped-cropped-purple_text_and_logo_variation_1-1.png","contentUrl":"https:\/\/nanory.fi\/wp-content\/uploads\/2024\/07\/cropped-cropped-purple_text_and_logo_variation_1-1.png","width":1909,"height":1834,"caption":"Nano ry"},"image":{"@id":"https:\/\/nanory.fi\/#\/schema\/logo\/image\/"},"sameAs":["https:\/\/www.instagram.com\/nano.jkl\/"]}]}},"_links":{"self":[{"href":"https:\/\/nanory.fi\/fi\/wp-json\/wp\/v2\/pages\/455","targetHints":{"allow":["GET"]}}],"collection":[{"href":"https:\/\/nanory.fi\/fi\/wp-json\/wp\/v2\/pages"}],"about":[{"href":"https:\/\/nanory.fi\/fi\/wp-json\/wp\/v2\/types\/page"}],"author":[{"embeddable":true,"href":"https:\/\/nanory.fi\/fi\/wp-json\/wp\/v2\/users\/1"}],"replies":[{"embeddable":true,"href":"https:\/\/nanory.fi\/fi\/wp-json\/wp\/v2\/comments?post=455"}],"version-history":[{"count":5,"href":"https:\/\/nanory.fi\/fi\/wp-json\/wp\/v2\/pages\/455\/revisions"}],"predecessor-version":[{"id":698,"href":"https:\/\/nanory.fi\/fi\/wp-json\/wp\/v2\/pages\/455\/revisions\/698"}],"wp:attachment":[{"href":"https:\/\/nanory.fi\/fi\/wp-json\/wp\/v2\/media?parent=455"}],"curies":[{"name":"wp","href":"https:\/\/api.w.org\/{rel}","templated":true}]}}