{"id":202,"date":"2024-04-11T21:16:00","date_gmt":"2024-04-11T18:16:00","guid":{"rendered":"https:\/\/nanory.fi\/?page_id=202"},"modified":"2026-04-23T09:07:47","modified_gmt":"2026-04-23T06:07:47","slug":"board","status":"publish","type":"page","link":"https:\/\/nanory.fi\/fi\/board\/","title":{"rendered":"Hallitus"},"content":{"rendered":"<p>Voit ottaa yhteytt\u00e4\u00e4 koko hallitukseen l\u00e4hett\u00e4m\u00e4ll\u00e4 s\u00e4hk\u00f6postia osoitteeseen hallitus(at)nanory.fi.<\/p>\n\n\n\n<div class=\"wp-block-media-text is-stacked-on-mobile\" style=\"grid-template-columns:27% auto\"><figure class=\"wp-block-media-text__media\"><img loading=\"lazy\" decoding=\"async\" width=\"755\" height=\"757\" src=\"https:\/\/nanory.fi\/wp-content\/uploads\/2024\/05\/WLLL8980.jpg\" alt=\"\" class=\"wp-image-272 size-full\" srcset=\"https:\/\/nanory.fi\/wp-content\/uploads\/2024\/05\/WLLL8980.jpg 755w, https:\/\/nanory.fi\/wp-content\/uploads\/2024\/05\/WLLL8980-300x300.jpg 300w, https:\/\/nanory.fi\/wp-content\/uploads\/2024\/05\/WLLL8980-150x150.jpg 150w, https:\/\/nanory.fi\/wp-content\/uploads\/2024\/05\/WLLL8980-12x12.jpg 12w\" sizes=\"auto, (max-width: 755px) 100vw, 755px\" \/><\/figure><div class=\"wp-block-media-text__content\">\n<p><strong>Nico Pietarinen<\/strong><br>Puheenjohtaja<br>puheenjohtaja(at)nanory.fi<\/p>\n\n\n\n<p><strong>Kuka olen?<\/strong><br>Huomenta! Olen nelj\u00e4nnen vuoden nanotieteen opiskelija, p\u00e4\u00e4aineena fysiikka. Opiskelen arkisin ylist\u00f6ll\u00e4, vanhan kemian kirjaston tiloissa. Minut voit bongata kuitenkin haahuilemassa ymp\u00e4ri kampusta. Voit tulle kysym\u00e4\u00e4n <em>ihan mit\u00e4 vaan<\/em> mit\u00e4 mieleen tulee, joten tule rohkeasti nyk\u00e4isem\u00e4\u00e4n hihasta, jos jokin mietitytt\u00e4\u00e4!<\/p>\n<\/div><\/div>\n\n\n\n<hr class=\"wp-block-separator has-alpha-channel-opacity\"\/>\n\n\n\n<div class=\"wp-block-media-text is-stacked-on-mobile\" style=\"grid-template-columns:27% auto\"><figure class=\"wp-block-media-text__media\"><img loading=\"lazy\" decoding=\"async\" width=\"768\" height=\"1024\" src=\"https:\/\/nanory.fi\/wp-content\/uploads\/2025\/01\/image1-768x1024.jpg\" alt=\"\" class=\"wp-image-532 size-full\" srcset=\"https:\/\/nanory.fi\/wp-content\/uploads\/2025\/01\/image1-768x1023.jpg 768w, https:\/\/nanory.fi\/wp-content\/uploads\/2025\/01\/image1-225x300.jpg 225w, https:\/\/nanory.fi\/wp-content\/uploads\/2025\/01\/image1-1153x1536.jpg 1153w, https:\/\/nanory.fi\/wp-content\/uploads\/2025\/01\/image1-9x12.jpg 9w, https:\/\/nanory.fi\/wp-content\/uploads\/2025\/01\/image1.jpg 1500w\" sizes=\"auto, (max-width: 768px) 100vw, 768px\" \/><\/figure><div class=\"wp-block-media-text__content\">\n<p><strong>Juho Siponen<\/strong><br>Varapuheenjohtaja<br>varapuheenjohtaja(at)nanory.fi<\/p>\n\n\n\n<p><strong>Kuka olen?<\/strong><br>Moro vaan oon Juho, teid\u00e4n varapuheenjohtaja ja ensimm\u00e4isen vuoden nanolainen. Tulkaa ihan matalalla kynnyksell\u00e4 nyk\u00e4seen hihasta jos on kysytt\u00e4v\u00e4\u00e4 tai haluutte muuten vaan morottaa. Todenn\u00e4k\u00f6isesti minut l\u00f6yt\u00e4\u00e4 viritystilasta, opiskelijatapahtumista ja kalalta, satunnaisesti bongattavissa my\u00f6s oikeasti opiskelemassa\u2026<br><\/p>\n<\/div><\/div>\n\n\n\n<hr class=\"wp-block-separator has-alpha-channel-opacity\"\/>\n\n\n\n<div class=\"wp-block-media-text is-stacked-on-mobile\" style=\"grid-template-columns:27% auto\"><figure class=\"wp-block-media-text__media\"><img loading=\"lazy\" decoding=\"async\" width=\"779\" height=\"778\" src=\"https:\/\/nanory.fi\/wp-content\/uploads\/2024\/06\/Toni.jpg\" alt=\"\" class=\"wp-image-286 size-full\" srcset=\"https:\/\/nanory.fi\/wp-content\/uploads\/2024\/06\/Toni.jpg 779w, https:\/\/nanory.fi\/wp-content\/uploads\/2024\/06\/Toni-300x300.jpg 300w, https:\/\/nanory.fi\/wp-content\/uploads\/2024\/06\/Toni-150x150.jpg 150w, https:\/\/nanory.fi\/wp-content\/uploads\/2024\/06\/Toni-768x767.jpg 768w, https:\/\/nanory.fi\/wp-content\/uploads\/2024\/06\/Toni-12x12.jpg 12w\" sizes=\"auto, (max-width: 779px) 100vw, 779px\" \/><\/figure><div class=\"wp-block-media-text__content\">\n<p><strong>Toni Rautio<\/strong><br>Rahastonhoitaja<br>rahastonhoitaja(at)nanory.fi<\/p>\n\n\n\n<p><strong>Kuka olen?<\/strong><br>Olen pro gradun parissa ty\u00f6skentelev\u00e4 nanotieteen opiskelija. Minut voi l\u00f6yt\u00e4\u00e4 nanotiedekeskukselta tai fysiikan 2.krs aulasta.<\/p>\n\n\n\n<p>Sauna &lt;3<\/p>\n<\/div><\/div>\n\n\n\n<hr class=\"wp-block-separator has-alpha-channel-opacity\"\/>\n\n\n\n<div class=\"wp-block-media-text is-stacked-on-mobile\" style=\"grid-template-columns:27% auto\"><figure class=\"wp-block-media-text__media\"><\/figure><div class=\"wp-block-media-text__content\">\n<p><strong>Emil Lensu<\/strong><br>Sihteeri<br>sihteeri(at)nanory.fi<br><\/p>\n<\/div><\/div>\n\n\n\n<hr class=\"wp-block-separator has-alpha-channel-opacity\"\/>\n\n\n\n<div class=\"wp-block-media-text is-stacked-on-mobile\" style=\"grid-template-columns:27% auto\"><figure class=\"wp-block-media-text__media\"><img loading=\"lazy\" decoding=\"async\" width=\"808\" height=\"732\" src=\"https:\/\/nanory.fi\/wp-content\/uploads\/2026\/04\/Senja.jpg\" alt=\"\" class=\"wp-image-710 size-full\" srcset=\"https:\/\/nanory.fi\/wp-content\/uploads\/2026\/04\/Senja.jpg 808w, https:\/\/nanory.fi\/wp-content\/uploads\/2026\/04\/Senja-300x272.jpg 300w, https:\/\/nanory.fi\/wp-content\/uploads\/2026\/04\/Senja-768x696.jpg 768w, https:\/\/nanory.fi\/wp-content\/uploads\/2026\/04\/Senja-13x12.jpg 13w\" sizes=\"auto, (max-width: 808px) 100vw, 808px\" \/><\/figure><div class=\"wp-block-media-text__content\">\n<p><strong>Senja Tuomi<\/strong><br>Yritys- ja tapahtumavastaava<br>yritys(at)nanory.fi<br>tapahtuma(at)nanory.fi<br><br><strong>Kuka olen?<\/strong><br>Heipssaan! M\u00e4 oon Senja, teid\u00e4n t\u00e4n vuoden Yrkk\u00e4 ja toinen Tapsoista. Opiskelen ekaa vuotta nanotiedett\u00e4, eik\u00e4 suuntautuminen oo viel\u00e4 lukossa (eli kaikki vinkit otetaan vastaan viel\u00e4 kun voi).<\/p>\n\n\n\n<p>Jos sulla on mieless\u00e4 hyv\u00e4 tapahtumaidea, tuu rohkeesti nyk\u00e4seen hihasta tai pist\u00e4 viesti\u00e4 \u2013 katotaan sit Jaakon kanssa, <em>your<\/em> saadaanko just sun toive toteutettua! Yrkk\u00e4n\u00e4 mun missiona on my\u00f6s l\u00f6yt\u00e4\u00e4 kivoja yrityksi\u00e4 tekem\u00e4\u00e4n yhteisty\u00f6t\u00e4 nanon kanssa.<\/p>\n\n\n\n<p>Todenn\u00e4k\u00f6isimmin mut bongaa joko my\u00f6h\u00e4ss\u00e4 luennolta, kemian kirjastolta tuskailemasta fysiikkaa\u2026 tai sit paljon todenn\u00e4k\u00f6isemmin koristreeneist\u00e4 tai -peleist\u00e4 tai koiralenkilt\u00e4. Jos haluut tulla koiralenkkeilem\u00e4\u00e4n kolmen samojedin kanssa nii t\u00e4st\u00e4kin voi heitt\u00e4\u00e4 viestii.<br><\/p>\n<\/div><\/div>\n\n\n\n<hr class=\"wp-block-separator has-alpha-channel-opacity\"\/>\n\n\n\n<div class=\"wp-block-media-text is-stacked-on-mobile\" style=\"grid-template-columns:27% auto\"><figure class=\"wp-block-media-text__media\"><\/figure><div class=\"wp-block-media-text__content\">\n<p><strong>Jaakko Mero<\/strong><br>Koulutus- ja sosiaalipoliittinen vastaava, viestint\u00e4vastaava<br>tapahtuma(at)nanory.fi<\/p>\n<\/div><\/div>\n\n\n\n<hr class=\"wp-block-separator has-alpha-channel-opacity\"\/>\n\n\n\n<div class=\"wp-block-media-text is-stacked-on-mobile\" style=\"grid-template-columns:27% auto\"><figure class=\"wp-block-media-text__media\"><\/figure><div class=\"wp-block-media-text__content\">\n<p><strong>Vilma Forsman<\/strong><br>Viestint\u00e4vastaava<br>tiedottaja(at)nanory.fi<\/p>\n<\/div><\/div>\n\n\n\n<hr class=\"wp-block-separator has-alpha-channel-opacity\"\/>\n\n\n\n<div class=\"wp-block-media-text is-stacked-on-mobile\" style=\"grid-template-columns:27% auto\"><figure class=\"wp-block-media-text__media\"><img loading=\"lazy\" decoding=\"async\" width=\"432\" height=\"432\" src=\"https:\/\/nanory.fi\/wp-content\/uploads\/2025\/01\/image1.png\" alt=\"\" class=\"wp-image-533 size-full\" srcset=\"https:\/\/nanory.fi\/wp-content\/uploads\/2025\/01\/image1.png 432w, https:\/\/nanory.fi\/wp-content\/uploads\/2025\/01\/image1-300x300.png 300w, https:\/\/nanory.fi\/wp-content\/uploads\/2025\/01\/image1-150x150.png 150w, https:\/\/nanory.fi\/wp-content\/uploads\/2025\/01\/image1-12x12.png 12w\" sizes=\"auto, (max-width: 432px) 100vw, 432px\" \/><\/figure><div class=\"wp-block-media-text__content\">\n<p><strong>Rita Siilin<\/strong><br>Sopo, kopo ja viestint\u00e4vastaava<br>sopo(at)nanory.fi<br>kopo(at)nanory.fi<\/p>\n\n\n\n<p><strong>Kuka olen?<\/strong><br>Moikka! Oon Rita, kavereiden kesken nanobilsarikemistisosionomineurotieteilij\u00e4tohtoriope, ja lis\u00e4ksi teid\u00e4n t\u00e4n vuoden sosiaalipoliittinen vastaava eli sopo! Moikataan kun tavataan kampuksella tai muualla \ud83d\ude42 Tuu kertomaan mill\u00e4 toimilla voisin parhaiten edist\u00e4\u00e4 just sun hyvinvointia ainej\u00e4rjest\u00f6toiminnan kautta!<\/p>\n<\/div><\/div>\n\n\n\n<hr class=\"wp-block-separator has-alpha-channel-opacity\"\/>\n\n\n\n<div class=\"wp-block-media-text is-stacked-on-mobile\" style=\"grid-template-columns:27% auto\"><figure class=\"wp-block-media-text__media\"><img loading=\"lazy\" decoding=\"async\" width=\"683\" height=\"1024\" src=\"https:\/\/nanory.fi\/wp-content\/uploads\/2024\/04\/DSC_0600-683x1024.jpg\" alt=\"\" class=\"wp-image-205 size-full\" srcset=\"https:\/\/nanory.fi\/wp-content\/uploads\/2024\/04\/DSC_0600-683x1024.jpg 683w, https:\/\/nanory.fi\/wp-content\/uploads\/2024\/04\/DSC_0600-200x300.jpg 200w, https:\/\/nanory.fi\/wp-content\/uploads\/2024\/04\/DSC_0600-768x1152.jpg 768w, https:\/\/nanory.fi\/wp-content\/uploads\/2024\/04\/DSC_0600-1024x1536.jpg 1024w, https:\/\/nanory.fi\/wp-content\/uploads\/2024\/04\/DSC_0600-1365x2048.jpg 1365w, https:\/\/nanory.fi\/wp-content\/uploads\/2024\/04\/DSC_0600-8x12.jpg 8w, https:\/\/nanory.fi\/wp-content\/uploads\/2024\/04\/DSC_0600-scaled.jpg 1707w\" sizes=\"auto, (max-width: 683px) 100vw, 683px\" \/><\/figure><div class=\"wp-block-media-text__content\">\n<p><strong>Nuutti Postila<\/strong><br>Webmaster ja kiltayhdyshenkil\u00f6<br>kopo(at)nanory.fi<br><br><strong>Kuka olen?<\/strong><br>Hei! Olen nelj\u00e4nnen vuoden aloittava nanofysiikan opiskelija. T\u00e4ll\u00e4 hetkell\u00e4 olen armeijassa. Vapaa-ajalla tykk\u00e4\u00e4n pelata videopelej\u00e4.<\/p>\n<\/div><\/div>\n\n\n\n<hr class=\"wp-block-separator has-alpha-channel-opacity\"\/>\n\n\n\n<p><\/p>","protected":false},"excerpt":{"rendered":"<p>You can contact the whole board by sending an email to hallitus(at)nanory.fi. Nico PietarinenChairmanpuheenjohtaja(at)nanory.fi Who am I?Good morning! I am a 4th year nanoscience student (physics). I like to study [&hellip;]<\/p>\n","protected":false},"author":1,"featured_media":0,"parent":0,"menu_order":0,"comment_status":"closed","ping_status":"closed","template":"","meta":{"site-sidebar-layout":"default","site-content-layout":"","ast-site-content-layout":"default","site-content-style":"default","site-sidebar-style":"default","ast-global-header-display":"","ast-banner-title-visibility":"","ast-main-header-display":"","ast-hfb-above-header-display":"","ast-hfb-below-header-display":"","ast-hfb-mobile-header-display":"","site-post-title":"disabled","ast-breadcrumbs-content":"","ast-featured-img":"","footer-sml-layout":"","ast-disable-related-posts":"","theme-transparent-header-meta":"","adv-header-id-meta":"","stick-header-meta":"","header-above-stick-meta":"","header-main-stick-meta":"","header-below-stick-meta":"","astra-migrate-meta-layouts":"default","ast-page-background-enabled":"default","ast-page-background-meta":{"desktop":{"background-color":"var(--ast-global-color-4)","background-image":"","background-repeat":"repeat","background-position":"center center","background-size":"auto","background-attachment":"scroll","background-type":"","background-media":"","overlay-type":"","overlay-color":"","overlay-opacity":"","overlay-gradient":""},"tablet":{"background-color":"","background-image":"","background-repeat":"repeat","background-position":"center center","background-size":"auto","background-attachment":"scroll","background-type":"","background-media":"","overlay-type":"","overlay-color":"","overlay-opacity":"","overlay-gradient":""},"mobile":{"background-color":"","background-image":"","background-repeat":"repeat","background-position":"center center","background-size":"auto","background-attachment":"scroll","background-type":"","background-media":"","overlay-type":"","overlay-color":"","overlay-opacity":"","overlay-gradient":""}},"ast-content-background-meta":{"desktop":{"background-color":"var(--ast-global-color-5)","background-image":"","background-repeat":"repeat","background-position":"center center","background-size":"auto","background-attachment":"scroll","background-type":"","background-media":"","overlay-type":"","overlay-color":"","overlay-opacity":"","overlay-gradient":""},"tablet":{"background-color":"var(--ast-global-color-5)","background-image":"","background-repeat":"repeat","background-position":"center center","background-size":"auto","background-attachment":"scroll","background-type":"","background-media":"","overlay-type":"","overlay-color":"","overlay-opacity":"","overlay-gradient":""},"mobile":{"background-color":"var(--ast-global-color-5)","background-image":"","background-repeat":"repeat","background-position":"center center","background-size":"auto","background-attachment":"scroll","background-type":"","background-media":"","overlay-type":"","overlay-color":"","overlay-opacity":"","overlay-gradient":""}},"_EventAllDay":false,"_EventTimezone":"","_EventStartDate":"","_EventEndDate":"","_EventStartDateUTC":"","_EventEndDateUTC":"","_EventShowMap":false,"_EventShowMapLink":false,"_EventURL":"","_EventCost":"","_EventCostDescription":"","_EventCurrencySymbol":"","_EventCurrencyCode":"","_EventCurrencyPosition":"","_EventDateTimeSeparator":"","_EventTimeRangeSeparator":"","_EventOrganizerID":[],"_EventVenueID":[],"_OrganizerEmail":"","_OrganizerPhone":"","_OrganizerWebsite":"","_VenueAddress":"","_VenueCity":"","_VenueCountry":"","_VenueProvince":"","_VenueState":"","_VenueZip":"","_VenuePhone":"","_VenueURL":"","_VenueStateProvince":"","_VenueLat":"","_VenueLng":"","_VenueShowMap":false,"_VenueShowMapLink":false,"footnotes":""},"class_list":["post-202","page","type-page","status-publish","hentry"],"yoast_head":"<!-- This site is optimized with the Yoast SEO plugin v27.5 - https:\/\/yoast.com\/product\/yoast-seo-wordpress\/ -->\n<title>Board - Nano ry<\/title>\n<meta name=\"description\" content=\"Board -\" \/>\n<meta name=\"robots\" content=\"index, follow, max-snippet:-1, max-image-preview:large, max-video-preview:-1\" \/>\n<link rel=\"canonical\" href=\"https:\/\/nanory.fi\/fi\/board\/\" \/>\n<meta property=\"og:locale\" content=\"fi_FI\" \/>\n<meta property=\"og:type\" content=\"article\" \/>\n<meta property=\"og:title\" content=\"Board - Nano ry\" \/>\n<meta property=\"og:description\" content=\"Board -\" \/>\n<meta property=\"og:url\" content=\"https:\/\/nanory.fi\/fi\/board\/\" \/>\n<meta property=\"og:site_name\" content=\"Nano ry\" \/>\n<meta property=\"article:modified_time\" content=\"2026-04-23T06:07:47+00:00\" \/>\n<meta property=\"og:image\" content=\"https:\/\/nanory.fi\/wp-content\/uploads\/2024\/05\/WLLL8980.jpg\" \/>\n\t<meta property=\"og:image:width\" content=\"755\" \/>\n\t<meta property=\"og:image:height\" content=\"757\" \/>\n\t<meta property=\"og:image:type\" content=\"image\/jpeg\" \/>\n<meta name=\"twitter:card\" content=\"summary_large_image\" \/>\n<meta name=\"twitter:label1\" content=\"Arvioitu lukuaika\" \/>\n\t<meta name=\"twitter:data1\" content=\"3 minuuttia\" \/>\n<script type=\"application\/ld+json\" class=\"yoast-schema-graph\">{\"@context\":\"https:\\\/\\\/schema.org\",\"@graph\":[{\"@type\":\"WebPage\",\"@id\":\"https:\\\/\\\/nanory.fi\\\/board\\\/\",\"url\":\"https:\\\/\\\/nanory.fi\\\/board\\\/\",\"name\":\"Board - Nano ry\",\"isPartOf\":{\"@id\":\"https:\\\/\\\/nanory.fi\\\/#website\"},\"primaryImageOfPage\":{\"@id\":\"https:\\\/\\\/nanory.fi\\\/board\\\/#primaryimage\"},\"image\":{\"@id\":\"https:\\\/\\\/nanory.fi\\\/board\\\/#primaryimage\"},\"thumbnailUrl\":\"https:\\\/\\\/nanory.fi\\\/wp-content\\\/uploads\\\/2024\\\/05\\\/WLLL8980.jpg\",\"datePublished\":\"2024-04-11T18:16:00+00:00\",\"dateModified\":\"2026-04-23T06:07:47+00:00\",\"description\":\"Board -\",\"breadcrumb\":{\"@id\":\"https:\\\/\\\/nanory.fi\\\/board\\\/#breadcrumb\"},\"inLanguage\":\"fi\",\"potentialAction\":[{\"@type\":\"ReadAction\",\"target\":[\"https:\\\/\\\/nanory.fi\\\/board\\\/\"]}]},{\"@type\":\"ImageObject\",\"inLanguage\":\"fi\",\"@id\":\"https:\\\/\\\/nanory.fi\\\/board\\\/#primaryimage\",\"url\":\"https:\\\/\\\/nanory.fi\\\/wp-content\\\/uploads\\\/2024\\\/05\\\/WLLL8980.jpg\",\"contentUrl\":\"https:\\\/\\\/nanory.fi\\\/wp-content\\\/uploads\\\/2024\\\/05\\\/WLLL8980.jpg\"},{\"@type\":\"BreadcrumbList\",\"@id\":\"https:\\\/\\\/nanory.fi\\\/board\\\/#breadcrumb\",\"itemListElement\":[{\"@type\":\"ListItem\",\"position\":1,\"name\":\"Home\",\"item\":\"https:\\\/\\\/nanory.fi\\\/\"},{\"@type\":\"ListItem\",\"position\":2,\"name\":\"Board\"}]},{\"@type\":\"WebSite\",\"@id\":\"https:\\\/\\\/nanory.fi\\\/#website\",\"url\":\"https:\\\/\\\/nanory.fi\\\/\",\"name\":\"Nano ry\",\"description\":\"Nanoscience student association at JYU. Nanotieteen ainej\u00e4rjest\u00f6 Jyv\u00e4skyl\u00e4n Yliopistossa.\",\"publisher\":{\"@id\":\"https:\\\/\\\/nanory.fi\\\/#organization\"},\"alternateName\":\"Nano\",\"potentialAction\":[{\"@type\":\"SearchAction\",\"target\":{\"@type\":\"EntryPoint\",\"urlTemplate\":\"https:\\\/\\\/nanory.fi\\\/?s={search_term_string}\"},\"query-input\":{\"@type\":\"PropertyValueSpecification\",\"valueRequired\":true,\"valueName\":\"search_term_string\"}}],\"inLanguage\":\"fi\"},{\"@type\":\"Organization\",\"@id\":\"https:\\\/\\\/nanory.fi\\\/#organization\",\"name\":\"Nano ry\",\"alternateName\":\"Nano\",\"url\":\"https:\\\/\\\/nanory.fi\\\/\",\"logo\":{\"@type\":\"ImageObject\",\"inLanguage\":\"fi\",\"@id\":\"https:\\\/\\\/nanory.fi\\\/#\\\/schema\\\/logo\\\/image\\\/\",\"url\":\"https:\\\/\\\/nanory.fi\\\/wp-content\\\/uploads\\\/2024\\\/07\\\/cropped-cropped-purple_text_and_logo_variation_1-1.png\",\"contentUrl\":\"https:\\\/\\\/nanory.fi\\\/wp-content\\\/uploads\\\/2024\\\/07\\\/cropped-cropped-purple_text_and_logo_variation_1-1.png\",\"width\":1909,\"height\":1834,\"caption\":\"Nano ry\"},\"image\":{\"@id\":\"https:\\\/\\\/nanory.fi\\\/#\\\/schema\\\/logo\\\/image\\\/\"},\"sameAs\":[\"https:\\\/\\\/www.instagram.com\\\/nano.jkl\\\/\"]}]}<\/script>\n<!-- \/ Yoast SEO plugin. -->","yoast_head_json":{"title":"Board - Nano ry","description":"Board -","robots":{"index":"index","follow":"follow","max-snippet":"max-snippet:-1","max-image-preview":"max-image-preview:large","max-video-preview":"max-video-preview:-1"},"canonical":"https:\/\/nanory.fi\/fi\/board\/","og_locale":"fi_FI","og_type":"article","og_title":"Board - Nano ry","og_description":"Board -","og_url":"https:\/\/nanory.fi\/fi\/board\/","og_site_name":"Nano ry","article_modified_time":"2026-04-23T06:07:47+00:00","og_image":[{"width":755,"height":757,"url":"https:\/\/nanory.fi\/wp-content\/uploads\/2024\/05\/WLLL8980.jpg","type":"image\/jpeg"}],"twitter_card":"summary_large_image","twitter_misc":{"Arvioitu lukuaika":"3 minuuttia"},"schema":{"@context":"https:\/\/schema.org","@graph":[{"@type":"WebPage","@id":"https:\/\/nanory.fi\/board\/","url":"https:\/\/nanory.fi\/board\/","name":"Board - Nano ry","isPartOf":{"@id":"https:\/\/nanory.fi\/#website"},"primaryImageOfPage":{"@id":"https:\/\/nanory.fi\/board\/#primaryimage"},"image":{"@id":"https:\/\/nanory.fi\/board\/#primaryimage"},"thumbnailUrl":"https:\/\/nanory.fi\/wp-content\/uploads\/2024\/05\/WLLL8980.jpg","datePublished":"2024-04-11T18:16:00+00:00","dateModified":"2026-04-23T06:07:47+00:00","description":"Board -","breadcrumb":{"@id":"https:\/\/nanory.fi\/board\/#breadcrumb"},"inLanguage":"fi","potentialAction":[{"@type":"ReadAction","target":["https:\/\/nanory.fi\/board\/"]}]},{"@type":"ImageObject","inLanguage":"fi","@id":"https:\/\/nanory.fi\/board\/#primaryimage","url":"https:\/\/nanory.fi\/wp-content\/uploads\/2024\/05\/WLLL8980.jpg","contentUrl":"https:\/\/nanory.fi\/wp-content\/uploads\/2024\/05\/WLLL8980.jpg"},{"@type":"BreadcrumbList","@id":"https:\/\/nanory.fi\/board\/#breadcrumb","itemListElement":[{"@type":"ListItem","position":1,"name":"Home","item":"https:\/\/nanory.fi\/"},{"@type":"ListItem","position":2,"name":"Board"}]},{"@type":"WebSite","@id":"https:\/\/nanory.fi\/#website","url":"https:\/\/nanory.fi\/","name":"Nano ry","description":"Nanoscience student association at JYU. Nanotieteen ainej\u00e4rjest\u00f6 Jyv\u00e4skyl\u00e4n Yliopistossa.","publisher":{"@id":"https:\/\/nanory.fi\/#organization"},"alternateName":"Nano","potentialAction":[{"@type":"SearchAction","target":{"@type":"EntryPoint","urlTemplate":"https:\/\/nanory.fi\/?s={search_term_string}"},"query-input":{"@type":"PropertyValueSpecification","valueRequired":true,"valueName":"search_term_string"}}],"inLanguage":"fi"},{"@type":"Organization","@id":"https:\/\/nanory.fi\/#organization","name":"Nano ry","alternateName":"Nano","url":"https:\/\/nanory.fi\/","logo":{"@type":"ImageObject","inLanguage":"fi","@id":"https:\/\/nanory.fi\/#\/schema\/logo\/image\/","url":"https:\/\/nanory.fi\/wp-content\/uploads\/2024\/07\/cropped-cropped-purple_text_and_logo_variation_1-1.png","contentUrl":"https:\/\/nanory.fi\/wp-content\/uploads\/2024\/07\/cropped-cropped-purple_text_and_logo_variation_1-1.png","width":1909,"height":1834,"caption":"Nano ry"},"image":{"@id":"https:\/\/nanory.fi\/#\/schema\/logo\/image\/"},"sameAs":["https:\/\/www.instagram.com\/nano.jkl\/"]}]}},"_links":{"self":[{"href":"https:\/\/nanory.fi\/fi\/wp-json\/wp\/v2\/pages\/202","targetHints":{"allow":["GET"]}}],"collection":[{"href":"https:\/\/nanory.fi\/fi\/wp-json\/wp\/v2\/pages"}],"about":[{"href":"https:\/\/nanory.fi\/fi\/wp-json\/wp\/v2\/types\/page"}],"author":[{"embeddable":true,"href":"https:\/\/nanory.fi\/fi\/wp-json\/wp\/v2\/users\/1"}],"replies":[{"embeddable":true,"href":"https:\/\/nanory.fi\/fi\/wp-json\/wp\/v2\/comments?post=202"}],"version-history":[{"count":25,"href":"https:\/\/nanory.fi\/fi\/wp-json\/wp\/v2\/pages\/202\/revisions"}],"predecessor-version":[{"id":712,"href":"https:\/\/nanory.fi\/fi\/wp-json\/wp\/v2\/pages\/202\/revisions\/712"}],"wp:attachment":[{"href":"https:\/\/nanory.fi\/fi\/wp-json\/wp\/v2\/media?parent=202"}],"curies":[{"name":"wp","href":"https:\/\/api.w.org\/{rel}","templated":true}]}}