{"id":157,"date":"2024-03-15T13:37:26","date_gmt":"2024-03-15T11:37:26","guid":{"rendered":"https:\/\/nanory.fi\/?page_id=157"},"modified":"2025-08-28T08:38:49","modified_gmt":"2025-08-28T05:38:49","slug":"members-benefits","status":"publish","type":"page","link":"https:\/\/nanory.fi\/fi\/members-benefits\/","title":{"rendered":"J\u00e4senedut"},"content":{"rendered":"<p>Saat n\u00e4m\u00e4 alennukset j\u00e4sentarralla ellei toisin ole ilmoitettu.<\/p>\n\n\n\n<h2 class=\"wp-block-heading\">Resina<\/h2>\n\n\n\n<ul class=\"wp-block-list\">\n<li>Ilmainen narikka sunnuntaista torstaihin.<\/li>\n\n\n\n<li>Opiskelijahinnat<\/li>\n\n\n\n<li><a href=\"https:\/\/pubresina.fi\" target=\"_blank\" rel=\"noreferrer noopener sponsored nofollow\">https:\/\/pubresina.fi<\/a><\/li>\n<\/ul>\n\n\n\n<h2 class=\"wp-block-heading\">Laajis<\/h2>\n\n\n\n<p><em>Alennukset koskevat normaalihintaisia palveluita\/tuotteita (esim. alennusta ei saa HappyHour hinnoista). Alennuksia ei voi yhdist\u00e4\u00e4 muihin alennuksiin eiv\u00e4tk\u00e4 ole voimassa ryhm\u00e4varauksiin. Edut ja alennukset ovat henkil\u00f6kohtaisia ja vain ainej\u00e4rjest\u00f6n j\u00e4senille, joilla on voimassa oleva opiskelijakortti.<\/em><\/p>\n\n\n\n<ul class=\"wp-block-list\">\n<li><strong>Hissilippu<\/strong><br>Alennus: Kolmen tunnin hissilippu 15\u20ac<br>(ei sis\u00e4ll\u00e4 *keycard lippupohjaa)<br>Voimassa arkip\u00e4ivin\u00e4, l\u00e4pi talvikauden (my\u00f6s hiihtolomaviikoilla).<br>Varaustapa: Paikan p\u00e4\u00e4lt\u00e4<\/li>\n\n\n\n<li><strong>Laskettelu \/ Lumilautailu Vuokrav\u00e4linesetti<\/strong><br>Alennus: V\u00e4linesetti 15\u20ac \/ vuokra-aika 3h<br>Sis\u00e4lt\u00e4\u00e4 sukset tai lumilaudan + monot ja tarvittaessa sauvat. (Huom: ei sis\u00e4ll\u00e4 kyp\u00e4r\u00e4\u00e4)<br>Voimassa arkip\u00e4ivin\u00e4, l\u00e4pi talvikauden (my\u00f6s hiihtolomaviikoilla).<br>Varaustapa: Paikan p\u00e4\u00e4lt\u00e4<\/li>\n\n\n\n<li><strong>Maastohiihto vuokrav\u00e4linesetti<\/strong><br>Alennus: V\u00e4linesetti 15\u20ac \/ vuokra-aika 3h<br>Sis\u00e4lt\u00e4\u00e4 maastohiihtosukset + monot ja sauvat.<br>Voimassa arkip\u00e4ivin\u00e4, l\u00e4pi talvikauden (my\u00f6s hiihtolomaviikoilla).<br>Varaustapa: Paikan p\u00e4\u00e4lt\u00e4<\/li>\n\n\n\n<li><strong>Liukulumikeng\u00e4t \/ Lumikeng\u00e4t<\/strong><br>Alennus: V\u00e4linesetti 15\u20ac \/ vuokra-aika 3h<br>Sis\u00e4lt\u00e4\u00e4 liukulumikeng\u00e4t tai lumikeng\u00e4t sek\u00e4 sauvat.<br>Voimassa arkip\u00e4ivin\u00e4, l\u00e4pi talvikauden (my\u00f6s hiihtolomaviikoilla).<br>Varaustapa: Paikan p\u00e4\u00e4lt\u00e4<\/li>\n\n\n\n<li><strong>V\u00e4linehuolto<\/strong><br>Alennus: -10% normaaleista huoltohinnoista<br>Voimassa kaikkina p\u00e4ivin\u00e4.<br>Varaustapa: Vain ennakkovaraus netin kautta:&nbsp;<a href=\"https:\/\/twice.shop\/laajis\/l\/laajisvlinehuolto\/shop\">https:\/\/twice.shop\/laajis\/l\/laajisvlinehuolto\/shop<\/a>, <br>Discount code: HuoltoAJ24, membership must still be verified on-site.<\/li>\n\n\n\n<li><strong>Seikkailupuisto<\/strong><br>Alennus: Seikkailulippu 20\u20ac \/ maksimi seikkailuaika 3 tuntia.<br>Voimassa kaikkina p\u00e4ivin\u00e4 seikkailukauden ajan.<br>RAJOITUKSET: Ei koske valoseikkailua.<br>Varaustapa: Paikan p\u00e4\u00e4lt\u00e4<\/li>\n\n\n\n<li><strong>Bikepark alam\u00e4kipy\u00f6r\u00e4ily<\/strong><br>Alennus: Bikepark paketti 50\u20ac Ghost t\u00e4ysjousto enduropy\u00f6r\u00e4ll\u00e4 \/ kesto 2 tuntia<br>Sis\u00e4lt\u00e4\u00e4 hissilipun, vuokrapy\u00f6r\u00e4n ja suojavarusteet (ei sis\u00e4ll\u00e4 *keycard lippupohjaa)<br>Voimassa kaikkina p\u00e4ivin\u00e4 Bikepark kauden ajan.<br>Py\u00f6r\u00e4mallin korotus 15 \u20ac (premium malleina mm. Commencal, Specialized, Production Privet).<br>Varaustapa: Paikan p\u00e4\u00e4lt\u00e4<\/li>\n\n\n\n<li><strong>eFatbike vuokraus<\/strong><br>Alennus: eFatbike vuokraus -15\u20ac normaalihinnasta<br>Sis\u00e4lt\u00e4\u00e4 py\u00f6r\u00e4n ja kyp\u00e4r\u00e4n (ei sis\u00e4ll\u00e4 kuluturvaa)<br>Voimassa kaikkina p\u00e4ivin\u00e4.<br>Varaustapa: Vain ennakkovaraus netin kautta:&nbsp;<a href=\"https:\/\/twice.shop\/laajis\/l\/laajis\/shop\">https:\/\/twice.shop\/laajis\/l\/laajis\/shop<\/a>, Alennuskoodi: eFat24AJ, j\u00e4senyys tulee todistaa paikan p\u00e4\u00e4ll\u00e4.<br><br><a href=\"https:\/\/laajis.fi\">laajis.fi<\/a><\/li>\n<\/ul>\n\n\n\n<h2 class=\"wp-block-heading\">Bittivirta<\/h2>\n\n\n\n<p>Bittivirta tarjoaa Nano ry:n j\u00e4senille ainutlaatuisia alennuksia! Hy\u00f6dynn\u00e4 alla olevat etukoodit ja nappaa huikeat edut. Kaikki alennukset ovat vain uusille asiakkaille. <strong>Vain uusille asiakkaille<\/strong>.<\/p>\n\n\n\n<ul class=\"wp-block-list\">\n<li> <strong>nano-50<\/strong>:\n<ul class=\"wp-block-list\">\n<li>50% pois ensimm\u00e4isest\u00e4 laskusta<\/li>\n\n\n\n<li>Koskee kaikkia pelipalvelimia ja webhotelleja (laskutusv\u00e4li: 1 tai 3 kuukautta).<\/li>\n<\/ul>\n<\/li>\n\n\n\n<li><strong>nano-vps<\/strong>:\n<ul class=\"wp-block-list\">\n<li>20% pois ensimm\u00e4isest\u00e4 laskusta<\/li>\n\n\n\n<li>Koskee kaikkia VPS-palvelimia (laskutusv\u00e4li: 1 kuukausi).<\/li>\n<\/ul>\n<\/li>\n\n\n\n<li><strong>nano-domain<\/strong>:\n<ul class=\"wp-block-list\">\n<li>10% pois ensimm\u00e4isen vuoden hinnasta<\/li>\n\n\n\n<li>Koskee kaikkia domaineja.<\/li>\n<\/ul>\n<\/li>\n\n\n\n<li><a href=\"https:\/\/bittivirta.fi\">https:\/\/bittivirta.fi<\/a><\/li>\n<\/ul>\n\n\n\n<h2 class=\"wp-block-heading\">Jyv\u00e4skyl\u00e4n Kiipeilykeskus<\/h2>\n\n\n\n<ul class=\"wp-block-list\">\n<li>Keskiviikko ja perjantai klo 12 -16 boulderointi 6\u20ac (sis. kenk\u00e4vuokra)<br><\/li>\n\n\n\n<li>Kertak\u00e4ynti: 8\u20ac (sis\u00e4lt\u00e4\u00e4 keng\u00e4t)<\/li>\n\n\n\n<li>5 x kortti: 35\u20ac (Sis\u00e4lt\u00e4\u00e4 keng\u00e4t)<\/li>\n<\/ul>\n\n\n\n<p><strong>Huom:<\/strong> Kortit eiv\u00e4t sis\u00e4ll\u00e4 24\/7 k\u00e4ynti\u00e4<br>Tarjous on voimassa 1.9.2026 asti<br><a href=\"https:\/\/www.xn--jyvskylnkiipeilykeskus-24be.fi\/\">https:\/\/www.xn--jyvskylnkiipeilykeskus-24be.fi\/<\/a><\/p>\n\n\n\n<p><\/p>\n\n\n\n<p><\/p>","protected":false},"excerpt":{"rendered":"<p>You can get these discounts with the membership sticker unless stated otherwise. Resina Laajis Discounts apply to normally priced services\/products (e.g. you cannot get a discount on HappyHour prices). Discounts [&hellip;]<\/p>\n","protected":false},"author":2,"featured_media":0,"parent":0,"menu_order":0,"comment_status":"closed","ping_status":"closed","template":"","meta":{"site-sidebar-layout":"default","site-content-layout":"","ast-site-content-layout":"default","site-content-style":"default","site-sidebar-style":"default","ast-global-header-display":"","ast-banner-title-visibility":"","ast-main-header-display":"","ast-hfb-above-header-display":"","ast-hfb-below-header-display":"","ast-hfb-mobile-header-display":"","site-post-title":"","ast-breadcrumbs-content":"","ast-featured-img":"","footer-sml-layout":"","ast-disable-related-posts":"","theme-transparent-header-meta":"","adv-header-id-meta":"","stick-header-meta":"","header-above-stick-meta":"","header-main-stick-meta":"","header-below-stick-meta":"","astra-migrate-meta-layouts":"default","ast-page-background-enabled":"default","ast-page-background-meta":{"desktop":{"background-color":"var(--ast-global-color-4)","background-image":"","background-repeat":"repeat","background-position":"center center","background-size":"auto","background-attachment":"scroll","background-type":"","background-media":"","overlay-type":"","overlay-color":"","overlay-opacity":"","overlay-gradient":""},"tablet":{"background-color":"","background-image":"","background-repeat":"repeat","background-position":"center center","background-size":"auto","background-attachment":"scroll","background-type":"","background-media":"","overlay-type":"","overlay-color":"","overlay-opacity":"","overlay-gradient":""},"mobile":{"background-color":"","background-image":"","background-repeat":"repeat","background-position":"center center","background-size":"auto","background-attachment":"scroll","background-type":"","background-media":"","overlay-type":"","overlay-color":"","overlay-opacity":"","overlay-gradient":""}},"ast-content-background-meta":{"desktop":{"background-color":"var(--ast-global-color-5)","background-image":"","background-repeat":"repeat","background-position":"center center","background-size":"auto","background-attachment":"scroll","background-type":"","background-media":"","overlay-type":"","overlay-color":"","overlay-opacity":"","overlay-gradient":""},"tablet":{"background-color":"var(--ast-global-color-5)","background-image":"","background-repeat":"repeat","background-position":"center center","background-size":"auto","background-attachment":"scroll","background-type":"","background-media":"","overlay-type":"","overlay-color":"","overlay-opacity":"","overlay-gradient":""},"mobile":{"background-color":"var(--ast-global-color-5)","background-image":"","background-repeat":"repeat","background-position":"center center","background-size":"auto","background-attachment":"scroll","background-type":"","background-media":"","overlay-type":"","overlay-color":"","overlay-opacity":"","overlay-gradient":""}},"_EventAllDay":false,"_EventTimezone":"","_EventStartDate":"","_EventEndDate":"","_EventStartDateUTC":"","_EventEndDateUTC":"","_EventShowMap":false,"_EventShowMapLink":false,"_EventURL":"","_EventCost":"","_EventCostDescription":"","_EventCurrencySymbol":"","_EventCurrencyCode":"","_EventCurrencyPosition":"","_EventDateTimeSeparator":"","_EventTimeRangeSeparator":"","_EventOrganizerID":[],"_EventVenueID":[],"_OrganizerEmail":"","_OrganizerPhone":"","_OrganizerWebsite":"","_VenueAddress":"","_VenueCity":"","_VenueCountry":"","_VenueProvince":"","_VenueState":"","_VenueZip":"","_VenuePhone":"","_VenueURL":"","_VenueStateProvince":"","_VenueLat":"","_VenueLng":"","_VenueShowMap":false,"_VenueShowMapLink":false,"footnotes":""},"class_list":["post-157","page","type-page","status-publish","hentry"],"yoast_head":"<!-- This site is optimized with the Yoast SEO plugin v27.5 - https:\/\/yoast.com\/product\/yoast-seo-wordpress\/ -->\n<title>Members benefits - Nano ry<\/title>\n<meta name=\"description\" content=\"Members benefits -\" \/>\n<meta name=\"robots\" content=\"index, follow, max-snippet:-1, max-image-preview:large, max-video-preview:-1\" \/>\n<link rel=\"canonical\" href=\"https:\/\/nanory.fi\/fi\/members-benefits\/\" \/>\n<meta property=\"og:locale\" content=\"fi_FI\" \/>\n<meta property=\"og:type\" content=\"article\" \/>\n<meta property=\"og:title\" content=\"Members benefits - Nano ry\" \/>\n<meta property=\"og:description\" content=\"Members benefits -\" \/>\n<meta property=\"og:url\" content=\"https:\/\/nanory.fi\/fi\/members-benefits\/\" \/>\n<meta property=\"og:site_name\" content=\"Nano ry\" \/>\n<meta property=\"article:modified_time\" content=\"2025-08-28T05:38:49+00:00\" \/>\n<meta property=\"og:image\" content=\"https:\/\/nanory.fi\/wp-content\/uploads\/2024\/07\/purple_text_and_logo_variation_1.png\" \/>\n\t<meta property=\"og:image:width\" content=\"1912\" \/>\n\t<meta property=\"og:image:height\" content=\"1838\" \/>\n\t<meta property=\"og:image:type\" content=\"image\/png\" \/>\n<meta name=\"twitter:card\" content=\"summary_large_image\" \/>\n<meta name=\"twitter:label1\" content=\"Arvioitu lukuaika\" \/>\n\t<meta name=\"twitter:data1\" content=\"3 minuuttia\" \/>\n<script type=\"application\/ld+json\" class=\"yoast-schema-graph\">{\"@context\":\"https:\\\/\\\/schema.org\",\"@graph\":[{\"@type\":\"WebPage\",\"@id\":\"https:\\\/\\\/nanory.fi\\\/members-benefits\\\/\",\"url\":\"https:\\\/\\\/nanory.fi\\\/members-benefits\\\/\",\"name\":\"Members benefits - Nano ry\",\"isPartOf\":{\"@id\":\"https:\\\/\\\/nanory.fi\\\/#website\"},\"datePublished\":\"2024-03-15T11:37:26+00:00\",\"dateModified\":\"2025-08-28T05:38:49+00:00\",\"description\":\"Members benefits -\",\"breadcrumb\":{\"@id\":\"https:\\\/\\\/nanory.fi\\\/members-benefits\\\/#breadcrumb\"},\"inLanguage\":\"fi\",\"potentialAction\":[{\"@type\":\"ReadAction\",\"target\":[\"https:\\\/\\\/nanory.fi\\\/members-benefits\\\/\"]}]},{\"@type\":\"BreadcrumbList\",\"@id\":\"https:\\\/\\\/nanory.fi\\\/members-benefits\\\/#breadcrumb\",\"itemListElement\":[{\"@type\":\"ListItem\",\"position\":1,\"name\":\"Home\",\"item\":\"https:\\\/\\\/nanory.fi\\\/\"},{\"@type\":\"ListItem\",\"position\":2,\"name\":\"Members benefits\"}]},{\"@type\":\"WebSite\",\"@id\":\"https:\\\/\\\/nanory.fi\\\/#website\",\"url\":\"https:\\\/\\\/nanory.fi\\\/\",\"name\":\"Nano ry\",\"description\":\"Nanoscience student association at JYU. Nanotieteen ainej\u00e4rjest\u00f6 Jyv\u00e4skyl\u00e4n Yliopistossa.\",\"publisher\":{\"@id\":\"https:\\\/\\\/nanory.fi\\\/#organization\"},\"alternateName\":\"Nano\",\"potentialAction\":[{\"@type\":\"SearchAction\",\"target\":{\"@type\":\"EntryPoint\",\"urlTemplate\":\"https:\\\/\\\/nanory.fi\\\/?s={search_term_string}\"},\"query-input\":{\"@type\":\"PropertyValueSpecification\",\"valueRequired\":true,\"valueName\":\"search_term_string\"}}],\"inLanguage\":\"fi\"},{\"@type\":\"Organization\",\"@id\":\"https:\\\/\\\/nanory.fi\\\/#organization\",\"name\":\"Nano ry\",\"alternateName\":\"Nano\",\"url\":\"https:\\\/\\\/nanory.fi\\\/\",\"logo\":{\"@type\":\"ImageObject\",\"inLanguage\":\"fi\",\"@id\":\"https:\\\/\\\/nanory.fi\\\/#\\\/schema\\\/logo\\\/image\\\/\",\"url\":\"https:\\\/\\\/nanory.fi\\\/wp-content\\\/uploads\\\/2024\\\/07\\\/cropped-cropped-purple_text_and_logo_variation_1-1.png\",\"contentUrl\":\"https:\\\/\\\/nanory.fi\\\/wp-content\\\/uploads\\\/2024\\\/07\\\/cropped-cropped-purple_text_and_logo_variation_1-1.png\",\"width\":1909,\"height\":1834,\"caption\":\"Nano ry\"},\"image\":{\"@id\":\"https:\\\/\\\/nanory.fi\\\/#\\\/schema\\\/logo\\\/image\\\/\"},\"sameAs\":[\"https:\\\/\\\/www.instagram.com\\\/nano.jkl\\\/\"]}]}<\/script>\n<!-- \/ Yoast SEO plugin. -->","yoast_head_json":{"title":"Members benefits - Nano ry","description":"Members benefits -","robots":{"index":"index","follow":"follow","max-snippet":"max-snippet:-1","max-image-preview":"max-image-preview:large","max-video-preview":"max-video-preview:-1"},"canonical":"https:\/\/nanory.fi\/fi\/members-benefits\/","og_locale":"fi_FI","og_type":"article","og_title":"Members benefits - Nano ry","og_description":"Members benefits -","og_url":"https:\/\/nanory.fi\/fi\/members-benefits\/","og_site_name":"Nano ry","article_modified_time":"2025-08-28T05:38:49+00:00","og_image":[{"width":1912,"height":1838,"url":"https:\/\/nanory.fi\/wp-content\/uploads\/2024\/07\/purple_text_and_logo_variation_1.png","type":"image\/png"}],"twitter_card":"summary_large_image","twitter_misc":{"Arvioitu lukuaika":"3 minuuttia"},"schema":{"@context":"https:\/\/schema.org","@graph":[{"@type":"WebPage","@id":"https:\/\/nanory.fi\/members-benefits\/","url":"https:\/\/nanory.fi\/members-benefits\/","name":"Members benefits - Nano ry","isPartOf":{"@id":"https:\/\/nanory.fi\/#website"},"datePublished":"2024-03-15T11:37:26+00:00","dateModified":"2025-08-28T05:38:49+00:00","description":"Members benefits -","breadcrumb":{"@id":"https:\/\/nanory.fi\/members-benefits\/#breadcrumb"},"inLanguage":"fi","potentialAction":[{"@type":"ReadAction","target":["https:\/\/nanory.fi\/members-benefits\/"]}]},{"@type":"BreadcrumbList","@id":"https:\/\/nanory.fi\/members-benefits\/#breadcrumb","itemListElement":[{"@type":"ListItem","position":1,"name":"Home","item":"https:\/\/nanory.fi\/"},{"@type":"ListItem","position":2,"name":"Members benefits"}]},{"@type":"WebSite","@id":"https:\/\/nanory.fi\/#website","url":"https:\/\/nanory.fi\/","name":"Nano ry","description":"Nanoscience student association at JYU. Nanotieteen ainej\u00e4rjest\u00f6 Jyv\u00e4skyl\u00e4n Yliopistossa.","publisher":{"@id":"https:\/\/nanory.fi\/#organization"},"alternateName":"Nano","potentialAction":[{"@type":"SearchAction","target":{"@type":"EntryPoint","urlTemplate":"https:\/\/nanory.fi\/?s={search_term_string}"},"query-input":{"@type":"PropertyValueSpecification","valueRequired":true,"valueName":"search_term_string"}}],"inLanguage":"fi"},{"@type":"Organization","@id":"https:\/\/nanory.fi\/#organization","name":"Nano ry","alternateName":"Nano","url":"https:\/\/nanory.fi\/","logo":{"@type":"ImageObject","inLanguage":"fi","@id":"https:\/\/nanory.fi\/#\/schema\/logo\/image\/","url":"https:\/\/nanory.fi\/wp-content\/uploads\/2024\/07\/cropped-cropped-purple_text_and_logo_variation_1-1.png","contentUrl":"https:\/\/nanory.fi\/wp-content\/uploads\/2024\/07\/cropped-cropped-purple_text_and_logo_variation_1-1.png","width":1909,"height":1834,"caption":"Nano ry"},"image":{"@id":"https:\/\/nanory.fi\/#\/schema\/logo\/image\/"},"sameAs":["https:\/\/www.instagram.com\/nano.jkl\/"]}]}},"_links":{"self":[{"href":"https:\/\/nanory.fi\/fi\/wp-json\/wp\/v2\/pages\/157","targetHints":{"allow":["GET"]}}],"collection":[{"href":"https:\/\/nanory.fi\/fi\/wp-json\/wp\/v2\/pages"}],"about":[{"href":"https:\/\/nanory.fi\/fi\/wp-json\/wp\/v2\/types\/page"}],"author":[{"embeddable":true,"href":"https:\/\/nanory.fi\/fi\/wp-json\/wp\/v2\/users\/2"}],"replies":[{"embeddable":true,"href":"https:\/\/nanory.fi\/fi\/wp-json\/wp\/v2\/comments?post=157"}],"version-history":[{"count":10,"href":"https:\/\/nanory.fi\/fi\/wp-json\/wp\/v2\/pages\/157\/revisions"}],"predecessor-version":[{"id":654,"href":"https:\/\/nanory.fi\/fi\/wp-json\/wp\/v2\/pages\/157\/revisions\/654"}],"wp:attachment":[{"href":"https:\/\/nanory.fi\/fi\/wp-json\/wp\/v2\/media?parent=157"}],"curies":[{"name":"wp","href":"https:\/\/api.w.org\/{rel}","templated":true}]}}